{"id":2062,"date":"2023-10-27T21:41:51","date_gmt":"2023-10-27T18:41:51","guid":{"rendered":"https:\/\/nuckostyle.ee\/?page_id=2062"},"modified":"2024-02-21T17:57:11","modified_gmt":"2024-02-21T15:57:11","slug":"uudised","status":"publish","type":"page","link":"https:\/\/nuckostyle.ee\/en\/uudised\/","title":{"rendered":"Uudised"},"content":{"rendered":"\t\t<div data-elementor-type=\"wp-page\" data-elementor-id=\"2062\" class=\"elementor elementor-2062\" data-elementor-post-type=\"page\">\n\t\t\t\t\t\t<section class=\"elementor-section elementor-top-section elementor-element elementor-element-987786a elementor-section-height-min-height elementor-section-boxed elementor-section-height-default elementor-section-items-middle\" data-id=\"987786a\" data-element_type=\"section\" data-settings=\"{&quot;background_background&quot;:&quot;classic&quot;}\">\n\t\t\t\t\t\t\t<div class=\"elementor-background-overlay\"><\/div>\n\t\t\t\t\t\t\t<div class=\"elementor-container elementor-column-gap-no\">\n\t\t\t\t\t<div class=\"elementor-column elementor-col-100 elementor-top-column elementor-element elementor-element-455f1fd\" data-id=\"455f1fd\" data-element_type=\"column\">\n\t\t\t<div class=\"elementor-widget-wrap elementor-element-populated\">\n\t\t\t\t\t\t<div class=\"elementor-element elementor-element-449d3e5 elementor-widget elementor-widget-heading\" data-id=\"449d3e5\" data-element_type=\"widget\" data-widget_type=\"heading.default\">\n\t\t\t\t<div class=\"elementor-widget-container\">\n\t\t\t\t\t<h1 class=\"elementor-heading-title elementor-size-default\">UUDISED<\/h1>\t\t\t\t<\/div>\n\t\t\t\t<\/div>\n\t\t\t\t<div class=\"elementor-element elementor-element-63ff8f6 elementor-widget elementor-widget-heading\" data-id=\"63ff8f6\" data-element_type=\"widget\" data-widget_type=\"heading.default\">\n\t\t\t\t<div class=\"elementor-widget-container\">\n\t\t\t\t\t<h2 class=\"elementor-heading-title elementor-size-default\">Kogukonna \u00fcrituste info, projektid, uudised ja kokkuv\u00f5tted leiad siit.<\/h2>\t\t\t\t<\/div>\n\t\t\t\t<\/div>\n\t\t\t\t\t<\/div>\n\t\t<\/div>\n\t\t\t\t\t<\/div>\n\t\t<\/section>\n\t\t\t\t<section class=\"elementor-section elementor-top-section elementor-element elementor-element-c2e0401 elementor-section-boxed elementor-section-height-default elementor-section-height-default\" data-id=\"c2e0401\" data-element_type=\"section\">\n\t\t\t\t\t\t<div class=\"elementor-container elementor-column-gap-default\">\n\t\t\t\t\t<div class=\"elementor-column elementor-col-100 elementor-top-column elementor-element elementor-element-8414256\" data-id=\"8414256\" data-element_type=\"column\">\n\t\t\t<div class=\"elementor-widget-wrap elementor-element-populated\">\n\t\t\t\t\t\t<div class=\"elementor-element elementor-element-69db84d elementor-grid-3 elementor-grid-tablet-2 elementor-grid-mobile-1 elementor-posts--thumbnail-top elementor-widget elementor-widget-posts\" data-id=\"69db84d\" data-element_type=\"widget\" data-settings=\"{&quot;pagination_type&quot;:&quot;load_more_infinite_scroll&quot;,&quot;classic_columns&quot;:&quot;3&quot;,&quot;classic_columns_tablet&quot;:&quot;2&quot;,&quot;classic_columns_mobile&quot;:&quot;1&quot;,&quot;classic_row_gap&quot;:{&quot;unit&quot;:&quot;px&quot;,&quot;size&quot;:35,&quot;sizes&quot;:[]},&quot;classic_row_gap_tablet&quot;:{&quot;unit&quot;:&quot;px&quot;,&quot;size&quot;:&quot;&quot;,&quot;sizes&quot;:[]},&quot;classic_row_gap_mobile&quot;:{&quot;unit&quot;:&quot;px&quot;,&quot;size&quot;:&quot;&quot;,&quot;sizes&quot;:[]},&quot;load_more_spinner&quot;:{&quot;value&quot;:&quot;fas fa-spinner&quot;,&quot;library&quot;:&quot;fa-solid&quot;}}\" data-widget_type=\"posts.classic\">\n\t\t\t\t<div class=\"elementor-widget-container\">\n\t\t\t\t\t\t\t<div class=\"elementor-posts-container elementor-posts elementor-posts--skin-classic elementor-grid\">\n\t\t\t\t<article class=\"elementor-post elementor-grid-item post-2769 post type-post status-publish format-standard hentry category-uncategorized-et\">\n\t\t\t\t<div class=\"elementor-post__text\">\n\t\t\t\t<h3 class=\"elementor-post__title\">\n\t\t\t<a href=\"https:\/\/nuckostyle.ee\/en\/55-noarootslaste-vaimse-ja-fuusilise-tervise-edendamine\/\" >\n\t\t\t\t55+ noarootslaste vaimse ja f\u00fc\u00fcsilise tervise edendamine\t\t\t<\/a>\n\t\t<\/h3>\n\t\t\t\t<div class=\"elementor-post__meta-data\">\n\t\t\t\t\t<span class=\"elementor-post-date\">\n\t\t\t03\/12\/2025\t\t<\/span>\n\t\t\t\t<\/div>\n\t\t\t\t<div class=\"elementor-post__excerpt\">\n\t\t\t\t\t<\/div>\n\t\t\n\t\t<a class=\"elementor-post__read-more\" href=\"https:\/\/nuckostyle.ee\/en\/55-noarootslaste-vaimse-ja-fuusilise-tervise-edendamine\/\" aria-label=\"Read more about 55+ noarootslaste vaimse ja f\u00fc\u00fcsilise tervise edendamine\" tabindex=\"-1\" >\n\t\t\tLoe veel \u00bb\t\t<\/a>\n\n\t\t\t\t<\/div>\n\t\t\t\t<\/article>\n\t\t\t\t<article class=\"elementor-post elementor-grid-item post-2646 post type-post status-publish format-standard has-post-thumbnail hentry category-uncategorized-et\">\n\t\t\t\t<a class=\"elementor-post__thumbnail__link\" href=\"https:\/\/nuckostyle.ee\/en\/2646\/\" tabindex=\"-1\" >\n\t\t\t<div class=\"elementor-post__thumbnail\"><img fetchpriority=\"high\" decoding=\"async\" width=\"800\" height=\"450\" src=\"https:\/\/nuckostyle.ee\/wp-content\/uploads\/2024\/05\/keraamika-2-1024x576.jpg\" class=\"attachment-large size-large wp-image-2653\" alt=\"\" srcset=\"https:\/\/nuckostyle.ee\/wp-content\/uploads\/2024\/05\/keraamika-2-1024x576.jpg 1024w, https:\/\/nuckostyle.ee\/wp-content\/uploads\/2024\/05\/keraamika-2-300x169.jpg 300w, https:\/\/nuckostyle.ee\/wp-content\/uploads\/2024\/05\/keraamika-2-768x432.jpg 768w, https:\/\/nuckostyle.ee\/wp-content\/uploads\/2024\/05\/keraamika-2-601x338.jpg 601w, https:\/\/nuckostyle.ee\/wp-content\/uploads\/2024\/05\/keraamika-2.jpg 1280w\" sizes=\"(max-width: 800px) 100vw, 800px\" \/><\/div>\n\t\t<\/a>\n\t\t\t\t<div class=\"elementor-post__text\">\n\t\t\t\t<h3 class=\"elementor-post__title\">\n\t\t\t<a href=\"https:\/\/nuckostyle.ee\/en\/2646\/\" >\n\t\t\t\tUus keraamikaahi\t\t\t<\/a>\n\t\t<\/h3>\n\t\t\t\t<div class=\"elementor-post__meta-data\">\n\t\t\t\t\t<span class=\"elementor-post-date\">\n\t\t\t24\/05\/2024\t\t<\/span>\n\t\t\t\t<\/div>\n\t\t\t\t<div class=\"elementor-post__excerpt\">\n\t\t\t\t\t<\/div>\n\t\t\n\t\t<a class=\"elementor-post__read-more\" href=\"https:\/\/nuckostyle.ee\/en\/2646\/\" aria-label=\"Read more about Uus keraamikaahi\" tabindex=\"-1\" >\n\t\t\tLoe veel \u00bb\t\t<\/a>\n\n\t\t\t\t<\/div>\n\t\t\t\t<\/article>\n\t\t\t\t<article class=\"elementor-post elementor-grid-item post-2591 post type-post status-publish format-standard has-post-thumbnail hentry category-uritused\">\n\t\t\t\t<a class=\"elementor-post__thumbnail__link\" href=\"https:\/\/nuckostyle.ee\/en\/portugal\/\" tabindex=\"-1\" >\n\t\t\t<div class=\"elementor-post__thumbnail\"><img decoding=\"async\" width=\"682\" height=\"1024\" src=\"https:\/\/nuckostyle.ee\/wp-content\/uploads\/2024\/04\/Tervem-Noarootsi-Portugalis-682x1024.jpg\" class=\"attachment-large size-large wp-image-2594\" alt=\"\" srcset=\"https:\/\/nuckostyle.ee\/wp-content\/uploads\/2024\/04\/Tervem-Noarootsi-Portugalis-682x1024.jpg 682w, https:\/\/nuckostyle.ee\/wp-content\/uploads\/2024\/04\/Tervem-Noarootsi-Portugalis-200x300.jpg 200w, https:\/\/nuckostyle.ee\/wp-content\/uploads\/2024\/04\/Tervem-Noarootsi-Portugalis-768x1152.jpg 768w, https:\/\/nuckostyle.ee\/wp-content\/uploads\/2024\/04\/Tervem-Noarootsi-Portugalis-1024x1536.jpg 1024w, https:\/\/nuckostyle.ee\/wp-content\/uploads\/2024\/04\/Tervem-Noarootsi-Portugalis-601x902.jpg 601w, https:\/\/nuckostyle.ee\/wp-content\/uploads\/2024\/04\/Tervem-Noarootsi-Portugalis.jpg 1333w\" sizes=\"(max-width: 682px) 100vw, 682px\" \/><\/div>\n\t\t<\/a>\n\t\t\t\t<div class=\"elementor-post__text\">\n\t\t\t\t<h3 class=\"elementor-post__title\">\n\t\t\t<a href=\"https:\/\/nuckostyle.ee\/en\/portugal\/\" >\n\t\t\t\tPortugalis kogemusi hankimas\t\t\t<\/a>\n\t\t<\/h3>\n\t\t\t\t<div class=\"elementor-post__meta-data\">\n\t\t\t\t\t<span class=\"elementor-post-date\">\n\t\t\t22\/04\/2024\t\t<\/span>\n\t\t\t\t<\/div>\n\t\t\t\t<div class=\"elementor-post__excerpt\">\n\t\t\t<p>K\u00e4isime Erasmus+ programmi kaudu Portugalis kogemusi otsimas.<\/p>\n\t\t<\/div>\n\t\t\n\t\t<a class=\"elementor-post__read-more\" href=\"https:\/\/nuckostyle.ee\/en\/portugal\/\" aria-label=\"Read more about Portugalis kogemusi hankimas\" tabindex=\"-1\" >\n\t\t\tLoe veel \u00bb\t\t<\/a>\n\n\t\t\t\t<\/div>\n\t\t\t\t<\/article>\n\t\t\t\t<article class=\"elementor-post elementor-grid-item post-2572 post type-post status-publish format-standard has-post-thumbnail hentry category-uritused\">\n\t\t\t\t<a class=\"elementor-post__thumbnail__link\" href=\"https:\/\/nuckostyle.ee\/en\/naerukoolitus-noarootsis\/\" tabindex=\"-1\" >\n\t\t\t<div class=\"elementor-post__thumbnail\"><img decoding=\"async\" width=\"724\" height=\"1024\" src=\"https:\/\/nuckostyle.ee\/wp-content\/uploads\/2024\/02\/naerukoolitus-4-724x1024.png\" class=\"attachment-large size-large wp-image-2573\" alt=\"\" srcset=\"https:\/\/nuckostyle.ee\/wp-content\/uploads\/2024\/02\/naerukoolitus-4-724x1024.png 724w, https:\/\/nuckostyle.ee\/wp-content\/uploads\/2024\/02\/naerukoolitus-4-212x300.png 212w, https:\/\/nuckostyle.ee\/wp-content\/uploads\/2024\/02\/naerukoolitus-4-768x1086.png 768w, https:\/\/nuckostyle.ee\/wp-content\/uploads\/2024\/02\/naerukoolitus-4-1086x1536.png 1086w, https:\/\/nuckostyle.ee\/wp-content\/uploads\/2024\/02\/naerukoolitus-4-601x850.png 601w, https:\/\/nuckostyle.ee\/wp-content\/uploads\/2024\/02\/naerukoolitus-4.png 1414w\" sizes=\"(max-width: 724px) 100vw, 724px\" \/><\/div>\n\t\t<\/a>\n\t\t\t\t<div class=\"elementor-post__text\">\n\t\t\t\t<h3 class=\"elementor-post__title\">\n\t\t\t<a href=\"https:\/\/nuckostyle.ee\/en\/naerukoolitus-noarootsis\/\" >\n\t\t\t\tNaerukoolitus &#8211; Naera terviseks.\t\t\t<\/a>\n\t\t<\/h3>\n\t\t\t\t<div class=\"elementor-post__meta-data\">\n\t\t\t\t\t<span class=\"elementor-post-date\">\n\t\t\t21\/02\/2024\t\t<\/span>\n\t\t\t\t<\/div>\n\t\t\t\t<div class=\"elementor-post__excerpt\">\n\t\t\t<p>Naerukoolitus &#8211; Naera terviseks!<br \/>\nTeisip\u00e4eval 5.m\u00e4rts kell 14.45-16.15 Noarootsi kultuurimaja saalis.<\/p>\n\t\t<\/div>\n\t\t\n\t\t<a class=\"elementor-post__read-more\" href=\"https:\/\/nuckostyle.ee\/en\/naerukoolitus-noarootsis\/\" aria-label=\"Read more about Naerukoolitus &#8211; Naera terviseks.\" tabindex=\"-1\" >\n\t\t\tLoe veel \u00bb\t\t<\/a>\n\n\t\t\t\t<\/div>\n\t\t\t\t<\/article>\n\t\t\t\t<article class=\"elementor-post elementor-grid-item post-2057 post type-post status-publish format-standard has-post-thumbnail hentry category-uritused\">\n\t\t\t\t<a class=\"elementor-post__thumbnail__link\" href=\"https:\/\/nuckostyle.ee\/en\/jouluparja-tootuba\/\" tabindex=\"-1\" >\n\t\t\t<div class=\"elementor-post__thumbnail\"><img loading=\"lazy\" decoding=\"async\" width=\"479\" height=\"479\" src=\"https:\/\/nuckostyle.ee\/wp-content\/uploads\/2023\/10\/407411977_734169862070096_7745529889622060944_n.jpg\" class=\"attachment-large size-large wp-image-2174\" alt=\"J\u00f5ulup\u00e4rg\" srcset=\"https:\/\/nuckostyle.ee\/wp-content\/uploads\/2023\/10\/407411977_734169862070096_7745529889622060944_n.jpg 479w, https:\/\/nuckostyle.ee\/wp-content\/uploads\/2023\/10\/407411977_734169862070096_7745529889622060944_n-300x300.jpg 300w, https:\/\/nuckostyle.ee\/wp-content\/uploads\/2023\/10\/407411977_734169862070096_7745529889622060944_n-150x150.jpg 150w, https:\/\/nuckostyle.ee\/wp-content\/uploads\/2023\/10\/407411977_734169862070096_7745529889622060944_n-100x100.jpg 100w\" sizes=\"(max-width: 479px) 100vw, 479px\" \/><\/div>\n\t\t<\/a>\n\t\t\t\t<div class=\"elementor-post__text\">\n\t\t\t\t<h3 class=\"elementor-post__title\">\n\t\t\t<a href=\"https:\/\/nuckostyle.ee\/en\/jouluparja-tootuba\/\" >\n\t\t\t\tJ\u00f5ulup\u00e4rja meisterdamise t\u00f6\u00f6tuba\t\t\t<\/a>\n\t\t<\/h3>\n\t\t\t\t<div class=\"elementor-post__meta-data\">\n\t\t\t\t\t<span class=\"elementor-post-date\">\n\t\t\t02\/12\/2023\t\t<\/span>\n\t\t\t\t<\/div>\n\t\t\t\t<div class=\"elementor-post__excerpt\">\n\t\t\t<p>Reedel 08.12.2023.<br \/>\nJuhendab meisterflorist Tuuli Luiga. K\u00f5ik t\u00f6\u00f6vahendid ja materjalid on juhendaja poolt.<\/p>\n\t\t<\/div>\n\t\t\n\t\t<a class=\"elementor-post__read-more\" href=\"https:\/\/nuckostyle.ee\/en\/jouluparja-tootuba\/\" aria-label=\"Read more about J\u00f5ulup\u00e4rja meisterdamise t\u00f6\u00f6tuba\" tabindex=\"-1\" >\n\t\t\tLoe veel \u00bb\t\t<\/a>\n\n\t\t\t\t<\/div>\n\t\t\t\t<\/article>\n\t\t\t\t<article class=\"elementor-post elementor-grid-item post-2171 post type-post status-publish format-standard has-post-thumbnail hentry category-uritused\">\n\t\t\t\t<a class=\"elementor-post__thumbnail__link\" href=\"https:\/\/nuckostyle.ee\/en\/koostoopaev-raagi-kaasa-kus-kuidas-ja-kellega-copy\/\" tabindex=\"-1\" >\n\t\t\t<div class=\"elementor-post__thumbnail\"><img loading=\"lazy\" decoding=\"async\" width=\"800\" height=\"600\" src=\"https:\/\/nuckostyle.ee\/wp-content\/uploads\/2023\/10\/IMG_7233-1200x900-1-1024x768.jpg\" class=\"attachment-large size-large wp-image-2068\" alt=\"\" srcset=\"https:\/\/nuckostyle.ee\/wp-content\/uploads\/2023\/10\/IMG_7233-1200x900-1-1024x768.jpg 1024w, https:\/\/nuckostyle.ee\/wp-content\/uploads\/2023\/10\/IMG_7233-1200x900-1-300x225.jpg 300w, https:\/\/nuckostyle.ee\/wp-content\/uploads\/2023\/10\/IMG_7233-1200x900-1-768x576.jpg 768w, https:\/\/nuckostyle.ee\/wp-content\/uploads\/2023\/10\/IMG_7233-1200x900-1-601x451.jpg 601w, https:\/\/nuckostyle.ee\/wp-content\/uploads\/2023\/10\/IMG_7233-1200x900-1.jpg 1200w\" sizes=\"(max-width: 800px) 100vw, 800px\" \/><\/div>\n\t\t<\/a>\n\t\t\t\t<div class=\"elementor-post__text\">\n\t\t\t\t<h3 class=\"elementor-post__title\">\n\t\t\t<a href=\"https:\/\/nuckostyle.ee\/en\/koostoopaev-raagi-kaasa-kus-kuidas-ja-kellega-copy\/\" >\n\t\t\t\tKoost\u00f6\u00f6p\u00e4ev \u201eR\u00e4\u00e4gi kaasa \u2013 kus, kuidas ja kellega?\u201c.\t\t\t<\/a>\n\t\t<\/h3>\n\t\t\t\t<div class=\"elementor-post__meta-data\">\n\t\t\t\t\t<span class=\"elementor-post-date\">\n\t\t\t01\/10\/2023\t\t<\/span>\n\t\t\t\t<\/div>\n\t\t\t\t<div class=\"elementor-post__excerpt\">\n\t\t\t<p>Noarootsis arutleti vaba\u00fchenduste ja kohalike omavalitsuste koost\u00f6\u00f6 \u00fcle ja tutvustati \u201cAnija L\u00fclitit\u201d.<\/p>\n\t\t<\/div>\n\t\t\n\t\t<a class=\"elementor-post__read-more\" href=\"https:\/\/nuckostyle.ee\/en\/koostoopaev-raagi-kaasa-kus-kuidas-ja-kellega-copy\/\" aria-label=\"Read more about Koost\u00f6\u00f6p\u00e4ev \u201eR\u00e4\u00e4gi kaasa \u2013 kus, kuidas ja kellega?\u201c.\" tabindex=\"-1\" >\n\t\t\tLoe veel \u00bb\t\t<\/a>\n\n\t\t\t\t<\/div>\n\t\t\t\t<\/article>\n\t\t\t\t<\/div>\n\t\t\t\t\t<span class=\"e-load-more-spinner\">\n\t\t\t\t<i aria-hidden=\"true\" class=\"fas fa-spinner\"><\/i>\t\t\t<\/span>\n\t\t\n\t\t\t\t\t\t<\/div>\n\t\t\t\t<\/div>\n\t\t\t\t\t<\/div>\n\t\t<\/div>\n\t\t\t\t\t<\/div>\n\t\t<\/section>\n\t\t\t\t<\/div>\n\t\t","protected":false},"excerpt":{"rendered":"<p>UUDISED Kogukonna \u00fcrituste info, projektid, uudised ja kokkuv\u00f5tted leiad siit.<\/p>\n","protected":false},"author":1,"featured_media":0,"parent":0,"menu_order":0,"comment_status":"closed","ping_status":"closed","template":"","meta":{"footnotes":""},"class_list":["post-2062","page","type-page","status-publish","hentry"],"yoast_head":"<!-- This site is optimized with the Yoast SEO plugin v25.1 - https:\/\/yoast.com\/wordpress\/plugins\/seo\/ -->\n<title>Uudised - Nuckostyle - Noarootsi k\u00e4sit\u00f6\u00f6<\/title>\n<meta name=\"robots\" content=\"index, follow, max-snippet:-1, max-image-preview:large, max-video-preview:-1\" \/>\n<link rel=\"canonical\" href=\"https:\/\/nuckostyle.ee\/en\/uudised\/\" \/>\n<meta property=\"og:locale\" content=\"en_US\" \/>\n<meta property=\"og:type\" content=\"article\" \/>\n<meta property=\"og:title\" content=\"Uudised - Nuckostyle - Noarootsi k\u00e4sit\u00f6\u00f6\" \/>\n<meta property=\"og:description\" content=\"UUDISED Kogukonna \u00fcrituste info, projektid, uudised ja kokkuv\u00f5tted leiad siit.\" \/>\n<meta property=\"og:url\" content=\"https:\/\/nuckostyle.ee\/en\/uudised\/\" \/>\n<meta property=\"og:site_name\" content=\"Nuckostyle - Noarootsi k\u00e4sit\u00f6\u00f6\" \/>\n<meta property=\"article:publisher\" content=\"https:\/\/www.facebook.com\/noarootsikasitookoda\" \/>\n<meta property=\"article:modified_time\" content=\"2024-02-21T15:57:11+00:00\" \/>\n<meta property=\"og:image\" content=\"https:\/\/nuckostyle.ee\/wp-content\/uploads\/2023\/09\/Noarootsi-1200x675-1.jpg\" \/>\n\t<meta property=\"og:image:width\" content=\"1200\" \/>\n\t<meta property=\"og:image:height\" content=\"675\" \/>\n\t<meta property=\"og:image:type\" content=\"image\/jpeg\" \/>\n<meta name=\"twitter:card\" content=\"summary_large_image\" \/>\n<meta name=\"twitter:label1\" content=\"Est. reading time\" \/>\n\t<meta name=\"twitter:data1\" content=\"1 minute\" \/>\n<script type=\"application\/ld+json\" class=\"yoast-schema-graph\">{\"@context\":\"https:\/\/schema.org\",\"@graph\":[{\"@type\":\"WebPage\",\"@id\":\"https:\/\/nuckostyle.ee\/en\/uudised\/\",\"url\":\"https:\/\/nuckostyle.ee\/en\/uudised\/\",\"name\":\"Uudised - Nuckostyle - Noarootsi k\u00e4sit\u00f6\u00f6\",\"isPartOf\":{\"@id\":\"https:\/\/nuckostyle.ee\/en\/#website\"},\"datePublished\":\"2023-10-27T18:41:51+00:00\",\"dateModified\":\"2024-02-21T15:57:11+00:00\",\"breadcrumb\":{\"@id\":\"https:\/\/nuckostyle.ee\/en\/uudised\/#breadcrumb\"},\"inLanguage\":\"en-US\",\"potentialAction\":[{\"@type\":\"ReadAction\",\"target\":[\"https:\/\/nuckostyle.ee\/en\/uudised\/\"]}]},{\"@type\":\"BreadcrumbList\",\"@id\":\"https:\/\/nuckostyle.ee\/en\/uudised\/#breadcrumb\",\"itemListElement\":[{\"@type\":\"ListItem\",\"position\":1,\"name\":\"Home\",\"item\":\"https:\/\/nuckostyle.ee\/en\/\"},{\"@type\":\"ListItem\",\"position\":2,\"name\":\"Uudised\"}]},{\"@type\":\"WebSite\",\"@id\":\"https:\/\/nuckostyle.ee\/en\/#website\",\"url\":\"https:\/\/nuckostyle.ee\/en\/\",\"name\":\"Nuck\u00f6style - Noarootsi k\u00e4sit\u00f6\u00f6\",\"description\":\"Noarootsi k\u00e4sit\u00f6\u00f6\",\"publisher\":{\"@id\":\"https:\/\/nuckostyle.ee\/en\/#organization\"},\"alternateName\":\"Noarootsi k\u00e4sit\u00f6\u00f6\",\"potentialAction\":[{\"@type\":\"SearchAction\",\"target\":{\"@type\":\"EntryPoint\",\"urlTemplate\":\"https:\/\/nuckostyle.ee\/en\/?s={search_term_string}\"},\"query-input\":{\"@type\":\"PropertyValueSpecification\",\"valueRequired\":true,\"valueName\":\"search_term_string\"}}],\"inLanguage\":\"en-US\"},{\"@type\":\"Organization\",\"@id\":\"https:\/\/nuckostyle.ee\/en\/#organization\",\"name\":\"Nuck\u00f6style - Noarootsi k\u00e4sit\u00f6\u00f6\",\"alternateName\":\"Noarootsi k\u00e4sit\u00f6\u00f6\",\"url\":\"https:\/\/nuckostyle.ee\/en\/\",\"logo\":{\"@type\":\"ImageObject\",\"inLanguage\":\"en-US\",\"@id\":\"https:\/\/nuckostyle.ee\/en\/#\/schema\/logo\/image\/\",\"url\":\"https:\/\/nuckostyle.ee\/wp-content\/uploads\/2023\/09\/Favicon.png\",\"contentUrl\":\"https:\/\/nuckostyle.ee\/wp-content\/uploads\/2023\/09\/Favicon.png\",\"width\":300,\"height\":300,\"caption\":\"Nuck\u00f6style - Noarootsi k\u00e4sit\u00f6\u00f6\"},\"image\":{\"@id\":\"https:\/\/nuckostyle.ee\/en\/#\/schema\/logo\/image\/\"},\"sameAs\":[\"https:\/\/www.facebook.com\/noarootsikasitookoda\",\"https:\/\/www.facebook.com\/tervemnoarootsi\"]}]}<\/script>\n<!-- \/ Yoast SEO plugin. -->","yoast_head_json":{"title":"Uudised - Nuckostyle - Noarootsi k\u00e4sit\u00f6\u00f6","robots":{"index":"index","follow":"follow","max-snippet":"max-snippet:-1","max-image-preview":"max-image-preview:large","max-video-preview":"max-video-preview:-1"},"canonical":"https:\/\/nuckostyle.ee\/en\/uudised\/","og_locale":"en_US","og_type":"article","og_title":"Uudised - Nuckostyle - Noarootsi k\u00e4sit\u00f6\u00f6","og_description":"UUDISED Kogukonna \u00fcrituste info, projektid, uudised ja kokkuv\u00f5tted leiad siit.","og_url":"https:\/\/nuckostyle.ee\/en\/uudised\/","og_site_name":"Nuckostyle - Noarootsi k\u00e4sit\u00f6\u00f6","article_publisher":"https:\/\/www.facebook.com\/noarootsikasitookoda","article_modified_time":"2024-02-21T15:57:11+00:00","og_image":[{"width":1200,"height":675,"url":"https:\/\/nuckostyle.ee\/wp-content\/uploads\/2023\/09\/Noarootsi-1200x675-1.jpg","type":"image\/jpeg"}],"twitter_card":"summary_large_image","twitter_misc":{"Est. reading time":"1 minute"},"schema":{"@context":"https:\/\/schema.org","@graph":[{"@type":"WebPage","@id":"https:\/\/nuckostyle.ee\/en\/uudised\/","url":"https:\/\/nuckostyle.ee\/en\/uudised\/","name":"Uudised - Nuckostyle - Noarootsi k\u00e4sit\u00f6\u00f6","isPartOf":{"@id":"https:\/\/nuckostyle.ee\/en\/#website"},"datePublished":"2023-10-27T18:41:51+00:00","dateModified":"2024-02-21T15:57:11+00:00","breadcrumb":{"@id":"https:\/\/nuckostyle.ee\/en\/uudised\/#breadcrumb"},"inLanguage":"en-US","potentialAction":[{"@type":"ReadAction","target":["https:\/\/nuckostyle.ee\/en\/uudised\/"]}]},{"@type":"BreadcrumbList","@id":"https:\/\/nuckostyle.ee\/en\/uudised\/#breadcrumb","itemListElement":[{"@type":"ListItem","position":1,"name":"Home","item":"https:\/\/nuckostyle.ee\/en\/"},{"@type":"ListItem","position":2,"name":"Uudised"}]},{"@type":"WebSite","@id":"https:\/\/nuckostyle.ee\/en\/#website","url":"https:\/\/nuckostyle.ee\/en\/","name":"Nuck\u00f6style - Noarootsi k\u00e4sit\u00f6\u00f6","description":"Noarootsi k\u00e4sit\u00f6\u00f6","publisher":{"@id":"https:\/\/nuckostyle.ee\/en\/#organization"},"alternateName":"Noarootsi k\u00e4sit\u00f6\u00f6","potentialAction":[{"@type":"SearchAction","target":{"@type":"EntryPoint","urlTemplate":"https:\/\/nuckostyle.ee\/en\/?s={search_term_string}"},"query-input":{"@type":"PropertyValueSpecification","valueRequired":true,"valueName":"search_term_string"}}],"inLanguage":"en-US"},{"@type":"Organization","@id":"https:\/\/nuckostyle.ee\/en\/#organization","name":"Nuck\u00f6style - Noarootsi k\u00e4sit\u00f6\u00f6","alternateName":"Noarootsi k\u00e4sit\u00f6\u00f6","url":"https:\/\/nuckostyle.ee\/en\/","logo":{"@type":"ImageObject","inLanguage":"en-US","@id":"https:\/\/nuckostyle.ee\/en\/#\/schema\/logo\/image\/","url":"https:\/\/nuckostyle.ee\/wp-content\/uploads\/2023\/09\/Favicon.png","contentUrl":"https:\/\/nuckostyle.ee\/wp-content\/uploads\/2023\/09\/Favicon.png","width":300,"height":300,"caption":"Nuck\u00f6style - Noarootsi k\u00e4sit\u00f6\u00f6"},"image":{"@id":"https:\/\/nuckostyle.ee\/en\/#\/schema\/logo\/image\/"},"sameAs":["https:\/\/www.facebook.com\/noarootsikasitookoda","https:\/\/www.facebook.com\/tervemnoarootsi"]}]}},"_links":{"self":[{"href":"https:\/\/nuckostyle.ee\/en\/wp-json\/wp\/v2\/pages\/2062","targetHints":{"allow":["GET"]}}],"collection":[{"href":"https:\/\/nuckostyle.ee\/en\/wp-json\/wp\/v2\/pages"}],"about":[{"href":"https:\/\/nuckostyle.ee\/en\/wp-json\/wp\/v2\/types\/page"}],"author":[{"embeddable":true,"href":"https:\/\/nuckostyle.ee\/en\/wp-json\/wp\/v2\/users\/1"}],"replies":[{"embeddable":true,"href":"https:\/\/nuckostyle.ee\/en\/wp-json\/wp\/v2\/comments?post=2062"}],"version-history":[{"count":5,"href":"https:\/\/nuckostyle.ee\/en\/wp-json\/wp\/v2\/pages\/2062\/revisions"}],"predecessor-version":[{"id":2588,"href":"https:\/\/nuckostyle.ee\/en\/wp-json\/wp\/v2\/pages\/2062\/revisions\/2588"}],"wp:attachment":[{"href":"https:\/\/nuckostyle.ee\/en\/wp-json\/wp\/v2\/media?parent=2062"}],"curies":[{"name":"wp","href":"https:\/\/api.w.org\/{rel}","templated":true}]}}