{"id":2200,"date":"2023-07-24T13:16:38","date_gmt":"2023-07-24T10:16:38","guid":{"rendered":"https:\/\/nuckostyle.ee\/checkout\/"},"modified":"2024-01-12T12:45:07","modified_gmt":"2024-01-12T10:45:07","slug":"checkout","status":"publish","type":"page","link":"https:\/\/nuckostyle.ee\/en\/checkout\/","title":{"rendered":"Checkout"},"content":{"rendered":"\t\t<div data-elementor-type=\"wp-page\" data-elementor-id=\"2200\" class=\"elementor elementor-2200 elementor-35\" data-elementor-post-type=\"page\">\n\t\t\t\t<section class=\"elementor-section elementor-top-section elementor-element elementor-element-d379876 elementor-section-height-min-height elementor-section-boxed elementor-section-height-default elementor-section-items-middle\" data-id=\"d379876\" data-element_type=\"section\" data-settings=\"{&quot;background_background&quot;:&quot;slideshow&quot;,&quot;background_slideshow_gallery&quot;:[{&quot;id&quot;:71,&quot;url&quot;:&quot;http:\\\/\\\/nuckostyle.ee\\\/wp-content\\\/uploads\\\/2023\\\/07\\\/maksim-shutov-z_HDrTQxNEI-unsplash-scaled.jpg&quot;}],&quot;background_slideshow_transition_duration&quot;:800,&quot;background_slideshow_ken_burns&quot;:&quot;yes&quot;,&quot;background_slideshow_loop&quot;:&quot;yes&quot;,&quot;background_slideshow_slide_duration&quot;:5000,&quot;background_slideshow_slide_transition&quot;:&quot;fade&quot;,&quot;background_slideshow_ken_burns_zoom_direction&quot;:&quot;in&quot;}\">\n\t\t\t\t\t\t\t<div class=\"elementor-background-overlay\"><\/div>\n\t\t\t\t\t\t\t<div class=\"elementor-container elementor-column-gap-no\">\n\t\t\t\t\t<div class=\"elementor-column elementor-col-100 elementor-top-column elementor-element elementor-element-6d189dd\" data-id=\"6d189dd\" data-element_type=\"column\">\n\t\t\t<div class=\"elementor-widget-wrap elementor-element-populated\">\n\t\t\t\t\t\t<div class=\"elementor-element elementor-element-712196e elementor-widget elementor-widget-heading\" data-id=\"712196e\" data-element_type=\"widget\" data-widget_type=\"heading.default\">\n\t\t\t\t<div class=\"elementor-widget-container\">\n\t\t\t\t\t<h3 class=\"elementor-heading-title elementor-size-default\">Kassa<\/h3>\t\t\t\t<\/div>\n\t\t\t\t<\/div>\n\t\t\t\t<div class=\"elementor-element elementor-element-93c7f5d elementor-widget elementor-widget-heading\" data-id=\"93c7f5d\" data-element_type=\"widget\" data-widget_type=\"heading.default\">\n\t\t\t\t<div class=\"elementor-widget-container\">\n\t\t\t\t\t<h6 class=\"elementor-heading-title elementor-size-default\">Soovisid logo tootele?<\/h6>\t\t\t\t<\/div>\n\t\t\t\t<\/div>\n\t\t\t\t<div class=\"elementor-element elementor-element-79355c6 elementor-widget elementor-widget-text-editor\" data-id=\"79355c6\" data-element_type=\"widget\" data-widget_type=\"text-editor.default\">\n\t\t\t\t<div class=\"elementor-widget-container\">\n\t\t\t\t\t\t\t\t\t<p>Kui soovid oma tootele nime asemel hoopis logo, siis palun sisesta M\u00c4RKUSTE tulpa oma soov ning me v\u00f5tame sinuga \u00fchendust.<\/p>\t\t\t\t\t\t\t\t<\/div>\n\t\t\t\t<\/div>\n\t\t\t\t\t<\/div>\n\t\t<\/div>\n\t\t\t\t\t<\/div>\n\t\t<\/section>\n\t\t\t\t<section class=\"elementor-section elementor-top-section elementor-element elementor-element-35ff2fa elementor-section-boxed elementor-section-height-default elementor-section-height-default\" data-id=\"35ff2fa\" data-element_type=\"section\">\n\t\t\t\t\t\t<div class=\"elementor-container elementor-column-gap-default\">\n\t\t\t\t\t<div class=\"elementor-column elementor-col-100 elementor-top-column elementor-element elementor-element-5073ea53\" data-id=\"5073ea53\" data-element_type=\"column\">\n\t\t\t<div class=\"elementor-widget-wrap elementor-element-populated\">\n\t\t\t\t\t\t<div class=\"elementor-element elementor-element-5e9067f4 elementor-widget elementor-widget-text-editor\" data-id=\"5e9067f4\" data-element_type=\"widget\" data-widget_type=\"text-editor.default\">\n\t\t\t\t<div class=\"elementor-widget-container\">\n\t\t\t\t\t\t\t\t\t<p><div class=\"woocommerce\">\n<div class=\"woocommerce-notices-wrapper\"><\/div>\n<\/div><\/p>\t\t\t\t\t\t\t\t<\/div>\n\t\t\t\t<\/div>\n\t\t\t\t\t<\/div>\n\t\t<\/div>\n\t\t\t\t\t<\/div>\n\t\t<\/section>\t\t<\/div>\n\t\t","protected":false},"excerpt":{"rendered":"<p>Kassa Soovisid logo tootele? Kui soovid oma tootele nime asemel hoopis logo, siis palun sisesta M\u00c4RKUSTE tulpa oma soov ning me v\u00f5tame sinuga \u00fchendust.<\/p>\n","protected":false},"author":1,"featured_media":0,"parent":0,"menu_order":0,"comment_status":"closed","ping_status":"closed","template":"","meta":{"footnotes":""},"class_list":["post-2200","page","type-page","status-publish","hentry"],"yoast_head":"<!-- This site is optimized with the Yoast SEO plugin v25.1 - https:\/\/yoast.com\/wordpress\/plugins\/seo\/ -->\n<title>Checkout - Nuckostyle - Noarootsi k\u00e4sit\u00f6\u00f6<\/title>\n<meta name=\"robots\" content=\"index, follow, max-snippet:-1, max-image-preview:large, max-video-preview:-1\" \/>\n<link rel=\"canonical\" href=\"https:\/\/nuckostyle.ee\/en\/checkout\/\" \/>\n<meta property=\"og:locale\" content=\"en_US\" \/>\n<meta property=\"og:type\" content=\"article\" \/>\n<meta property=\"og:title\" content=\"Checkout - Nuckostyle - Noarootsi k\u00e4sit\u00f6\u00f6\" \/>\n<meta property=\"og:description\" content=\"Kassa Soovisid logo tootele? Kui soovid oma tootele nime asemel hoopis logo, siis palun sisesta M\u00c4RKUSTE tulpa oma soov ning me v\u00f5tame sinuga \u00fchendust.\" \/>\n<meta property=\"og:url\" content=\"https:\/\/nuckostyle.ee\/en\/checkout\/\" \/>\n<meta property=\"og:site_name\" content=\"Nuckostyle - Noarootsi k\u00e4sit\u00f6\u00f6\" \/>\n<meta property=\"article:publisher\" content=\"https:\/\/www.facebook.com\/noarootsikasitookoda\" \/>\n<meta property=\"article:modified_time\" content=\"2024-01-12T10:45:07+00:00\" \/>\n<meta property=\"og:image\" content=\"https:\/\/nuckostyle.ee\/wp-content\/uploads\/2023\/09\/Noarootsi-1200x675-1.jpg\" \/>\n\t<meta property=\"og:image:width\" content=\"1200\" \/>\n\t<meta property=\"og:image:height\" content=\"675\" \/>\n\t<meta property=\"og:image:type\" content=\"image\/jpeg\" \/>\n<meta name=\"twitter:card\" content=\"summary_large_image\" \/>\n<script type=\"application\/ld+json\" class=\"yoast-schema-graph\">{\"@context\":\"https:\/\/schema.org\",\"@graph\":[{\"@type\":\"WebPage\",\"@id\":\"https:\/\/nuckostyle.ee\/en\/checkout\/\",\"url\":\"https:\/\/nuckostyle.ee\/en\/checkout\/\",\"name\":\"Checkout - Nuckostyle - Noarootsi k\u00e4sit\u00f6\u00f6\",\"isPartOf\":{\"@id\":\"https:\/\/nuckostyle.ee\/en\/#website\"},\"datePublished\":\"2023-07-24T10:16:38+00:00\",\"dateModified\":\"2024-01-12T10:45:07+00:00\",\"breadcrumb\":{\"@id\":\"https:\/\/nuckostyle.ee\/en\/checkout\/#breadcrumb\"},\"inLanguage\":\"en-US\",\"potentialAction\":[{\"@type\":\"ReadAction\",\"target\":[\"https:\/\/nuckostyle.ee\/en\/checkout\/\"]}]},{\"@type\":\"BreadcrumbList\",\"@id\":\"https:\/\/nuckostyle.ee\/en\/checkout\/#breadcrumb\",\"itemListElement\":[{\"@type\":\"ListItem\",\"position\":1,\"name\":\"Home\",\"item\":\"https:\/\/nuckostyle.ee\/en\/\"},{\"@type\":\"ListItem\",\"position\":2,\"name\":\"Checkout\"}]},{\"@type\":\"WebSite\",\"@id\":\"https:\/\/nuckostyle.ee\/en\/#website\",\"url\":\"https:\/\/nuckostyle.ee\/en\/\",\"name\":\"Nuck\u00f6style - Noarootsi k\u00e4sit\u00f6\u00f6\",\"description\":\"Noarootsi k\u00e4sit\u00f6\u00f6\",\"publisher\":{\"@id\":\"https:\/\/nuckostyle.ee\/en\/#organization\"},\"alternateName\":\"Noarootsi k\u00e4sit\u00f6\u00f6\",\"potentialAction\":[{\"@type\":\"SearchAction\",\"target\":{\"@type\":\"EntryPoint\",\"urlTemplate\":\"https:\/\/nuckostyle.ee\/en\/?s={search_term_string}\"},\"query-input\":{\"@type\":\"PropertyValueSpecification\",\"valueRequired\":true,\"valueName\":\"search_term_string\"}}],\"inLanguage\":\"en-US\"},{\"@type\":\"Organization\",\"@id\":\"https:\/\/nuckostyle.ee\/en\/#organization\",\"name\":\"Nuck\u00f6style - Noarootsi k\u00e4sit\u00f6\u00f6\",\"alternateName\":\"Noarootsi k\u00e4sit\u00f6\u00f6\",\"url\":\"https:\/\/nuckostyle.ee\/en\/\",\"logo\":{\"@type\":\"ImageObject\",\"inLanguage\":\"en-US\",\"@id\":\"https:\/\/nuckostyle.ee\/en\/#\/schema\/logo\/image\/\",\"url\":\"https:\/\/nuckostyle.ee\/wp-content\/uploads\/2023\/09\/Favicon.png\",\"contentUrl\":\"https:\/\/nuckostyle.ee\/wp-content\/uploads\/2023\/09\/Favicon.png\",\"width\":300,\"height\":300,\"caption\":\"Nuck\u00f6style - Noarootsi k\u00e4sit\u00f6\u00f6\"},\"image\":{\"@id\":\"https:\/\/nuckostyle.ee\/en\/#\/schema\/logo\/image\/\"},\"sameAs\":[\"https:\/\/www.facebook.com\/noarootsikasitookoda\",\"https:\/\/www.facebook.com\/tervemnoarootsi\"]}]}<\/script>\n<!-- \/ Yoast SEO plugin. -->","yoast_head_json":{"title":"Checkout - Nuckostyle - Noarootsi k\u00e4sit\u00f6\u00f6","robots":{"index":"index","follow":"follow","max-snippet":"max-snippet:-1","max-image-preview":"max-image-preview:large","max-video-preview":"max-video-preview:-1"},"canonical":"https:\/\/nuckostyle.ee\/en\/checkout\/","og_locale":"en_US","og_type":"article","og_title":"Checkout - Nuckostyle - Noarootsi k\u00e4sit\u00f6\u00f6","og_description":"Kassa Soovisid logo tootele? Kui soovid oma tootele nime asemel hoopis logo, siis palun sisesta M\u00c4RKUSTE tulpa oma soov ning me v\u00f5tame sinuga \u00fchendust.","og_url":"https:\/\/nuckostyle.ee\/en\/checkout\/","og_site_name":"Nuckostyle - Noarootsi k\u00e4sit\u00f6\u00f6","article_publisher":"https:\/\/www.facebook.com\/noarootsikasitookoda","article_modified_time":"2024-01-12T10:45:07+00:00","og_image":[{"width":1200,"height":675,"url":"https:\/\/nuckostyle.ee\/wp-content\/uploads\/2023\/09\/Noarootsi-1200x675-1.jpg","type":"image\/jpeg"}],"twitter_card":"summary_large_image","schema":{"@context":"https:\/\/schema.org","@graph":[{"@type":"WebPage","@id":"https:\/\/nuckostyle.ee\/en\/checkout\/","url":"https:\/\/nuckostyle.ee\/en\/checkout\/","name":"Checkout - Nuckostyle - Noarootsi k\u00e4sit\u00f6\u00f6","isPartOf":{"@id":"https:\/\/nuckostyle.ee\/en\/#website"},"datePublished":"2023-07-24T10:16:38+00:00","dateModified":"2024-01-12T10:45:07+00:00","breadcrumb":{"@id":"https:\/\/nuckostyle.ee\/en\/checkout\/#breadcrumb"},"inLanguage":"en-US","potentialAction":[{"@type":"ReadAction","target":["https:\/\/nuckostyle.ee\/en\/checkout\/"]}]},{"@type":"BreadcrumbList","@id":"https:\/\/nuckostyle.ee\/en\/checkout\/#breadcrumb","itemListElement":[{"@type":"ListItem","position":1,"name":"Home","item":"https:\/\/nuckostyle.ee\/en\/"},{"@type":"ListItem","position":2,"name":"Checkout"}]},{"@type":"WebSite","@id":"https:\/\/nuckostyle.ee\/en\/#website","url":"https:\/\/nuckostyle.ee\/en\/","name":"Nuck\u00f6style - Noarootsi k\u00e4sit\u00f6\u00f6","description":"Noarootsi k\u00e4sit\u00f6\u00f6","publisher":{"@id":"https:\/\/nuckostyle.ee\/en\/#organization"},"alternateName":"Noarootsi k\u00e4sit\u00f6\u00f6","potentialAction":[{"@type":"SearchAction","target":{"@type":"EntryPoint","urlTemplate":"https:\/\/nuckostyle.ee\/en\/?s={search_term_string}"},"query-input":{"@type":"PropertyValueSpecification","valueRequired":true,"valueName":"search_term_string"}}],"inLanguage":"en-US"},{"@type":"Organization","@id":"https:\/\/nuckostyle.ee\/en\/#organization","name":"Nuck\u00f6style - Noarootsi k\u00e4sit\u00f6\u00f6","alternateName":"Noarootsi k\u00e4sit\u00f6\u00f6","url":"https:\/\/nuckostyle.ee\/en\/","logo":{"@type":"ImageObject","inLanguage":"en-US","@id":"https:\/\/nuckostyle.ee\/en\/#\/schema\/logo\/image\/","url":"https:\/\/nuckostyle.ee\/wp-content\/uploads\/2023\/09\/Favicon.png","contentUrl":"https:\/\/nuckostyle.ee\/wp-content\/uploads\/2023\/09\/Favicon.png","width":300,"height":300,"caption":"Nuck\u00f6style - Noarootsi k\u00e4sit\u00f6\u00f6"},"image":{"@id":"https:\/\/nuckostyle.ee\/en\/#\/schema\/logo\/image\/"},"sameAs":["https:\/\/www.facebook.com\/noarootsikasitookoda","https:\/\/www.facebook.com\/tervemnoarootsi"]}]}},"_links":{"self":[{"href":"https:\/\/nuckostyle.ee\/en\/wp-json\/wp\/v2\/pages\/2200","targetHints":{"allow":["GET"]}}],"collection":[{"href":"https:\/\/nuckostyle.ee\/en\/wp-json\/wp\/v2\/pages"}],"about":[{"href":"https:\/\/nuckostyle.ee\/en\/wp-json\/wp\/v2\/types\/page"}],"author":[{"embeddable":true,"href":"https:\/\/nuckostyle.ee\/en\/wp-json\/wp\/v2\/users\/1"}],"replies":[{"embeddable":true,"href":"https:\/\/nuckostyle.ee\/en\/wp-json\/wp\/v2\/comments?post=2200"}],"version-history":[{"count":0,"href":"https:\/\/nuckostyle.ee\/en\/wp-json\/wp\/v2\/pages\/2200\/revisions"}],"wp:attachment":[{"href":"https:\/\/nuckostyle.ee\/en\/wp-json\/wp\/v2\/media?parent=2200"}],"curies":[{"name":"wp","href":"https:\/\/api.w.org\/{rel}","templated":true}]}}