{"id":2476,"date":"2023-11-17T15:14:40","date_gmt":"2023-11-17T13:14:40","guid":{"rendered":"https:\/\/nuckostyle.ee\/healthier-noarootsi\/"},"modified":"2024-01-12T13:19:07","modified_gmt":"2024-01-12T11:19:07","slug":"healthier-noarootsi","status":"publish","type":"page","link":"https:\/\/nuckostyle.ee\/en\/about-us\/healthier-noarootsi\/","title":{"rendered":"HEALTHIER NOAROOTSI"},"content":{"rendered":"\t\t<div data-elementor-type=\"wp-page\" data-elementor-id=\"2476\" class=\"elementor elementor-2476 elementor-2149\" data-elementor-post-type=\"page\">\n\t\t\t\t\t\t<section class=\"elementor-section elementor-top-section elementor-element elementor-element-4536f92 elementor-section-height-min-height elementor-section-boxed elementor-section-height-default elementor-section-items-middle\" data-id=\"4536f92\" data-element_type=\"section\" data-settings=\"{&quot;background_background&quot;:&quot;classic&quot;}\">\n\t\t\t\t\t\t\t<div class=\"elementor-background-overlay\"><\/div>\n\t\t\t\t\t\t\t<div class=\"elementor-container elementor-column-gap-no\">\n\t\t\t\t\t<div class=\"elementor-column elementor-col-100 elementor-top-column elementor-element elementor-element-56d6ecd\" data-id=\"56d6ecd\" data-element_type=\"column\">\n\t\t\t<div class=\"elementor-widget-wrap elementor-element-populated\">\n\t\t\t\t\t\t<div class=\"elementor-element elementor-element-44f76b4 elementor-widget elementor-widget-heading\" data-id=\"44f76b4\" data-element_type=\"widget\" data-widget_type=\"heading.default\">\n\t\t\t\t<div class=\"elementor-widget-container\">\n\t\t\t\t\t<h1 class=\"elementor-heading-title elementor-size-default\">MT\u00dc TERVEM NOAROOTSI<\/h1>\t\t\t\t<\/div>\n\t\t\t\t<\/div>\n\t\t\t\t\t<\/div>\n\t\t<\/div>\n\t\t\t\t\t<\/div>\n\t\t<\/section>\n\t\t\t\t<section class=\"elementor-section elementor-top-section elementor-element elementor-element-e898f0a elementor-section-boxed elementor-section-height-default elementor-section-height-default\" data-id=\"e898f0a\" data-element_type=\"section\">\n\t\t\t\t\t\t<div class=\"elementor-container elementor-column-gap-default\">\n\t\t\t\t\t<div class=\"elementor-column elementor-col-100 elementor-top-column elementor-element elementor-element-e895bbb\" data-id=\"e895bbb\" data-element_type=\"column\">\n\t\t\t<div class=\"elementor-widget-wrap elementor-element-populated\">\n\t\t\t\t\t\t<div class=\"elementor-element elementor-element-21a39e4 elementor-widget elementor-widget-heading\" data-id=\"21a39e4\" data-element_type=\"widget\" data-widget_type=\"heading.default\">\n\t\t\t\t<div class=\"elementor-widget-container\">\n\t\t\t\t\t<h3 class=\"elementor-heading-title elementor-size-default\">MT\u00dc TERVEM NOAROOTSI \/ NON PROFIT ORGANISATION<\/h3>\t\t\t\t<\/div>\n\t\t\t\t<\/div>\n\t\t\t\t<div class=\"elementor-element elementor-element-4588551 elementor-widget elementor-widget-spacer\" data-id=\"4588551\" data-element_type=\"widget\" data-widget_type=\"spacer.default\">\n\t\t\t\t<div class=\"elementor-widget-container\">\n\t\t\t\t\t\t\t<div class=\"elementor-spacer\">\n\t\t\t<div class=\"elementor-spacer-inner\"><\/div>\n\t\t<\/div>\n\t\t\t\t\t\t<\/div>\n\t\t\t\t<\/div>\n\t\t\t\t<div class=\"elementor-element elementor-element-decb44b elementor-widget elementor-widget-text-editor\" data-id=\"decb44b\" data-element_type=\"widget\" data-widget_type=\"text-editor.default\">\n\t\t\t\t<div class=\"elementor-widget-container\">\n\t\t\t\t\t\t\t\t\t<p>The non-profit organisation follows the Code of Ethics for non-profit organisations. <\/p>\n<p><a role=\"link\" href=\"http:\/\/heakodanik.ee\/vabauhenduste-eetikakoodeks\/?fbclid=IwAR1wHVcpqKnXAmeIJZFLiTPkNR3pDRNboRGFJGfcDyUn00ta6SBRX1zk7BQ\" target=\"_blank\" rel=\"nofollow noopener noreferrer\" data-saferedirecturl=\"https:\/\/www.google.com\/url?q=http:\/\/heakodanik.ee\/vabauhenduste-eetikakoodeks\/?fbclid%3DIwAR1wHVcpqKnXAmeIJZFLiTPkNR3pDRNboRGFJGfcDyUn00ta6SBRX1zk7BQ&amp;source=gmail&amp;ust=1696331947628000&amp;usg=AOvVaw11BoOfZHiYG78L5ThsEctV\">http:\/\/heakodanik.ee\/<wbr><\/wbr>vabauhenduste-eetikakoodeks\/<\/a> <\/p>\n<p>MT\u00dc Tervem Noarootsi mission is to create equal opportunities for all and to care for the health and active leisure of the Noarootsi community. MT\u00dc Tervem Noarootsi is an association supporting a holistic lifestyle, promoting village \/ country life, Estonian culture and traditions.<\/p>\n\t\t\t\t\t\t\t\t<\/div>\n\t\t\t\t<\/div>\n\t\t\t\t<div class=\"elementor-element elementor-element-bda7253 elementor-widget elementor-widget-video\" data-id=\"bda7253\" data-element_type=\"widget\" data-settings=\"{&quot;youtube_url&quot;:&quot;https:\\\/\\\/www.youtube.com\\\/watch?v=SPNFOtXM8wE&amp;t=1s&amp;ab_channel=Kodaniku%C3%BChiskonnaSihtkapital&quot;,&quot;video_type&quot;:&quot;youtube&quot;,&quot;controls&quot;:&quot;yes&quot;}\" data-widget_type=\"video.default\">\n\t\t\t\t<div class=\"elementor-widget-container\">\n\t\t\t\t\t\t\t<div class=\"elementor-wrapper elementor-open-inline\">\n\t\t\t<div class=\"elementor-video\"><\/div>\t\t<\/div>\n\t\t\t\t\t\t<\/div>\n\t\t\t\t<\/div>\n\t\t\t\t\t<\/div>\n\t\t<\/div>\n\t\t\t\t\t<\/div>\n\t\t<\/section>\n\t\t\t\t<\/div>\n\t\t","protected":false},"excerpt":{"rendered":"<p>MT\u00dc TERVEM NOAROOTSI MT\u00dc TERVEM NOAROOTSI \/ NON PROFIT ORGANISATION The non-profit organisation follows the Code of Ethics for non-profit organisations. http:\/\/heakodanik.ee\/vabauhenduste-eetikakoodeks\/ MT\u00dc Tervem Noarootsi mission is to create equal opportunities for all and to care for the health and active leisure of the Noarootsi community. MT\u00dc Tervem Noarootsi is an association supporting a holistic [&hellip;]<\/p>\n","protected":false},"author":1,"featured_media":0,"parent":2480,"menu_order":0,"comment_status":"closed","ping_status":"closed","template":"","meta":{"footnotes":""},"class_list":["post-2476","page","type-page","status-publish","hentry"],"yoast_head":"<!-- This site is optimized with the Yoast SEO plugin v25.1 - https:\/\/yoast.com\/wordpress\/plugins\/seo\/ -->\n<title>Tervem Noarootsi - Nuck\u00f6 Style<\/title>\n<meta name=\"description\" content=\"MT\u00dc Tervem Noarootsi mission is to create equal opportunities for all and to care for the health and active leisure of the Noarootsi community.\" \/>\n<meta name=\"robots\" content=\"index, follow, max-snippet:-1, max-image-preview:large, max-video-preview:-1\" \/>\n<link rel=\"canonical\" href=\"https:\/\/nuckostyle.ee\/en\/about-us\/healthier-noarootsi\/\" \/>\n<meta property=\"og:locale\" content=\"en_US\" \/>\n<meta property=\"og:type\" content=\"article\" \/>\n<meta property=\"og:title\" content=\"Tervem Noarootsi - Nuck\u00f6 Style\" \/>\n<meta property=\"og:description\" content=\"MT\u00dc Tervem Noarootsi mission is to create equal opportunities for all and to care for the health and active leisure of the Noarootsi community.\" \/>\n<meta property=\"og:url\" content=\"https:\/\/nuckostyle.ee\/en\/about-us\/healthier-noarootsi\/\" \/>\n<meta property=\"og:site_name\" content=\"Nuckostyle - Noarootsi k\u00e4sit\u00f6\u00f6\" \/>\n<meta property=\"article:publisher\" content=\"https:\/\/www.facebook.com\/noarootsikasitookoda\" \/>\n<meta property=\"article:modified_time\" content=\"2024-01-12T11:19:07+00:00\" \/>\n<meta property=\"og:image\" content=\"https:\/\/nuckostyle.ee\/wp-content\/uploads\/2023\/09\/Noarootsi-1200x675-1.jpg\" \/>\n\t<meta property=\"og:image:width\" content=\"1200\" \/>\n\t<meta property=\"og:image:height\" content=\"675\" \/>\n\t<meta property=\"og:image:type\" content=\"image\/jpeg\" \/>\n<meta name=\"twitter:card\" content=\"summary_large_image\" \/>\n<script type=\"application\/ld+json\" class=\"yoast-schema-graph\">{\"@context\":\"https:\/\/schema.org\",\"@graph\":[{\"@type\":\"WebPage\",\"@id\":\"https:\/\/nuckostyle.ee\/en\/about-us\/healthier-noarootsi\/\",\"url\":\"https:\/\/nuckostyle.ee\/en\/about-us\/healthier-noarootsi\/\",\"name\":\"Tervem Noarootsi - Nuck\u00f6 Style\",\"isPartOf\":{\"@id\":\"https:\/\/nuckostyle.ee\/en\/#website\"},\"datePublished\":\"2023-11-17T13:14:40+00:00\",\"dateModified\":\"2024-01-12T11:19:07+00:00\",\"description\":\"MT\u00dc Tervem Noarootsi mission is to create equal opportunities for all and to care for the health and active leisure of the Noarootsi community.\",\"breadcrumb\":{\"@id\":\"https:\/\/nuckostyle.ee\/en\/about-us\/healthier-noarootsi\/#breadcrumb\"},\"inLanguage\":\"en-US\",\"potentialAction\":[{\"@type\":\"ReadAction\",\"target\":[\"https:\/\/nuckostyle.ee\/en\/about-us\/healthier-noarootsi\/\"]}]},{\"@type\":\"BreadcrumbList\",\"@id\":\"https:\/\/nuckostyle.ee\/en\/about-us\/healthier-noarootsi\/#breadcrumb\",\"itemListElement\":[{\"@type\":\"ListItem\",\"position\":1,\"name\":\"Home\",\"item\":\"https:\/\/nuckostyle.ee\/en\/\"},{\"@type\":\"ListItem\",\"position\":2,\"name\":\"About us\",\"item\":\"https:\/\/nuckostyle.ee\/en\/about-us\/\"},{\"@type\":\"ListItem\",\"position\":3,\"name\":\"HEALTHIER NOAROOTSI\"}]},{\"@type\":\"WebSite\",\"@id\":\"https:\/\/nuckostyle.ee\/en\/#website\",\"url\":\"https:\/\/nuckostyle.ee\/en\/\",\"name\":\"Nuck\u00f6style - Noarootsi k\u00e4sit\u00f6\u00f6\",\"description\":\"Noarootsi k\u00e4sit\u00f6\u00f6\",\"publisher\":{\"@id\":\"https:\/\/nuckostyle.ee\/en\/#organization\"},\"alternateName\":\"Noarootsi k\u00e4sit\u00f6\u00f6\",\"potentialAction\":[{\"@type\":\"SearchAction\",\"target\":{\"@type\":\"EntryPoint\",\"urlTemplate\":\"https:\/\/nuckostyle.ee\/en\/?s={search_term_string}\"},\"query-input\":{\"@type\":\"PropertyValueSpecification\",\"valueRequired\":true,\"valueName\":\"search_term_string\"}}],\"inLanguage\":\"en-US\"},{\"@type\":\"Organization\",\"@id\":\"https:\/\/nuckostyle.ee\/en\/#organization\",\"name\":\"Nuck\u00f6style - Noarootsi k\u00e4sit\u00f6\u00f6\",\"alternateName\":\"Noarootsi k\u00e4sit\u00f6\u00f6\",\"url\":\"https:\/\/nuckostyle.ee\/en\/\",\"logo\":{\"@type\":\"ImageObject\",\"inLanguage\":\"en-US\",\"@id\":\"https:\/\/nuckostyle.ee\/en\/#\/schema\/logo\/image\/\",\"url\":\"https:\/\/nuckostyle.ee\/wp-content\/uploads\/2023\/09\/Favicon.png\",\"contentUrl\":\"https:\/\/nuckostyle.ee\/wp-content\/uploads\/2023\/09\/Favicon.png\",\"width\":300,\"height\":300,\"caption\":\"Nuck\u00f6style - Noarootsi k\u00e4sit\u00f6\u00f6\"},\"image\":{\"@id\":\"https:\/\/nuckostyle.ee\/en\/#\/schema\/logo\/image\/\"},\"sameAs\":[\"https:\/\/www.facebook.com\/noarootsikasitookoda\",\"https:\/\/www.facebook.com\/tervemnoarootsi\"]}]}<\/script>\n<!-- \/ Yoast SEO plugin. -->","yoast_head_json":{"title":"Tervem Noarootsi - Nuck\u00f6 Style","description":"MT\u00dc Tervem Noarootsi mission is to create equal opportunities for all and to care for the health and active leisure of the Noarootsi community.","robots":{"index":"index","follow":"follow","max-snippet":"max-snippet:-1","max-image-preview":"max-image-preview:large","max-video-preview":"max-video-preview:-1"},"canonical":"https:\/\/nuckostyle.ee\/en\/about-us\/healthier-noarootsi\/","og_locale":"en_US","og_type":"article","og_title":"Tervem Noarootsi - Nuck\u00f6 Style","og_description":"MT\u00dc Tervem Noarootsi mission is to create equal opportunities for all and to care for the health and active leisure of the Noarootsi community.","og_url":"https:\/\/nuckostyle.ee\/en\/about-us\/healthier-noarootsi\/","og_site_name":"Nuckostyle - Noarootsi k\u00e4sit\u00f6\u00f6","article_publisher":"https:\/\/www.facebook.com\/noarootsikasitookoda","article_modified_time":"2024-01-12T11:19:07+00:00","og_image":[{"width":1200,"height":675,"url":"https:\/\/nuckostyle.ee\/wp-content\/uploads\/2023\/09\/Noarootsi-1200x675-1.jpg","type":"image\/jpeg"}],"twitter_card":"summary_large_image","schema":{"@context":"https:\/\/schema.org","@graph":[{"@type":"WebPage","@id":"https:\/\/nuckostyle.ee\/en\/about-us\/healthier-noarootsi\/","url":"https:\/\/nuckostyle.ee\/en\/about-us\/healthier-noarootsi\/","name":"Tervem Noarootsi - Nuck\u00f6 Style","isPartOf":{"@id":"https:\/\/nuckostyle.ee\/en\/#website"},"datePublished":"2023-11-17T13:14:40+00:00","dateModified":"2024-01-12T11:19:07+00:00","description":"MT\u00dc Tervem Noarootsi mission is to create equal opportunities for all and to care for the health and active leisure of the Noarootsi community.","breadcrumb":{"@id":"https:\/\/nuckostyle.ee\/en\/about-us\/healthier-noarootsi\/#breadcrumb"},"inLanguage":"en-US","potentialAction":[{"@type":"ReadAction","target":["https:\/\/nuckostyle.ee\/en\/about-us\/healthier-noarootsi\/"]}]},{"@type":"BreadcrumbList","@id":"https:\/\/nuckostyle.ee\/en\/about-us\/healthier-noarootsi\/#breadcrumb","itemListElement":[{"@type":"ListItem","position":1,"name":"Home","item":"https:\/\/nuckostyle.ee\/en\/"},{"@type":"ListItem","position":2,"name":"About us","item":"https:\/\/nuckostyle.ee\/en\/about-us\/"},{"@type":"ListItem","position":3,"name":"HEALTHIER NOAROOTSI"}]},{"@type":"WebSite","@id":"https:\/\/nuckostyle.ee\/en\/#website","url":"https:\/\/nuckostyle.ee\/en\/","name":"Nuck\u00f6style - Noarootsi k\u00e4sit\u00f6\u00f6","description":"Noarootsi k\u00e4sit\u00f6\u00f6","publisher":{"@id":"https:\/\/nuckostyle.ee\/en\/#organization"},"alternateName":"Noarootsi k\u00e4sit\u00f6\u00f6","potentialAction":[{"@type":"SearchAction","target":{"@type":"EntryPoint","urlTemplate":"https:\/\/nuckostyle.ee\/en\/?s={search_term_string}"},"query-input":{"@type":"PropertyValueSpecification","valueRequired":true,"valueName":"search_term_string"}}],"inLanguage":"en-US"},{"@type":"Organization","@id":"https:\/\/nuckostyle.ee\/en\/#organization","name":"Nuck\u00f6style - Noarootsi k\u00e4sit\u00f6\u00f6","alternateName":"Noarootsi k\u00e4sit\u00f6\u00f6","url":"https:\/\/nuckostyle.ee\/en\/","logo":{"@type":"ImageObject","inLanguage":"en-US","@id":"https:\/\/nuckostyle.ee\/en\/#\/schema\/logo\/image\/","url":"https:\/\/nuckostyle.ee\/wp-content\/uploads\/2023\/09\/Favicon.png","contentUrl":"https:\/\/nuckostyle.ee\/wp-content\/uploads\/2023\/09\/Favicon.png","width":300,"height":300,"caption":"Nuck\u00f6style - Noarootsi k\u00e4sit\u00f6\u00f6"},"image":{"@id":"https:\/\/nuckostyle.ee\/en\/#\/schema\/logo\/image\/"},"sameAs":["https:\/\/www.facebook.com\/noarootsikasitookoda","https:\/\/www.facebook.com\/tervemnoarootsi"]}]}},"_links":{"self":[{"href":"https:\/\/nuckostyle.ee\/en\/wp-json\/wp\/v2\/pages\/2476","targetHints":{"allow":["GET"]}}],"collection":[{"href":"https:\/\/nuckostyle.ee\/en\/wp-json\/wp\/v2\/pages"}],"about":[{"href":"https:\/\/nuckostyle.ee\/en\/wp-json\/wp\/v2\/types\/page"}],"author":[{"embeddable":true,"href":"https:\/\/nuckostyle.ee\/en\/wp-json\/wp\/v2\/users\/1"}],"replies":[{"embeddable":true,"href":"https:\/\/nuckostyle.ee\/en\/wp-json\/wp\/v2\/comments?post=2476"}],"version-history":[{"count":1,"href":"https:\/\/nuckostyle.ee\/en\/wp-json\/wp\/v2\/pages\/2476\/revisions"}],"predecessor-version":[{"id":2477,"href":"https:\/\/nuckostyle.ee\/en\/wp-json\/wp\/v2\/pages\/2476\/revisions\/2477"}],"up":[{"embeddable":true,"href":"https:\/\/nuckostyle.ee\/en\/wp-json\/wp\/v2\/pages\/2480"}],"wp:attachment":[{"href":"https:\/\/nuckostyle.ee\/en\/wp-json\/wp\/v2\/media?parent=2476"}],"curies":[{"name":"wp","href":"https:\/\/api.w.org\/{rel}","templated":true}]}}