{"id":37,"date":"2023-09-18T14:23:00","date_gmt":"2023-09-18T11:23:00","guid":{"rendered":"https:\/\/nuckostyle.ee\/?page_id=37"},"modified":"2023-09-26T21:10:55","modified_gmt":"2023-09-26T18:10:55","slug":"muuk-ja-tagastus","status":"publish","type":"page","link":"https:\/\/nuckostyle.ee\/en\/muuk-ja-tagastus\/","title":{"rendered":"M\u00fc\u00fcgi- ja tagastustingimused"},"content":{"rendered":"\t\t<div data-elementor-type=\"wp-page\" data-elementor-id=\"37\" class=\"elementor elementor-37\" data-elementor-post-type=\"page\">\n\t\t\t\t\t\t<section class=\"elementor-section elementor-top-section elementor-element elementor-element-0bdcd34 elementor-section-boxed elementor-section-height-default elementor-section-height-default\" data-id=\"0bdcd34\" data-element_type=\"section\">\n\t\t\t\t\t\t<div class=\"elementor-container elementor-column-gap-default\">\n\t\t\t\t\t<div class=\"elementor-column elementor-col-100 elementor-top-column elementor-element elementor-element-b5fd1da\" data-id=\"b5fd1da\" data-element_type=\"column\">\n\t\t\t<div class=\"elementor-widget-wrap elementor-element-populated\">\n\t\t\t\t\t\t<div class=\"elementor-element elementor-element-3264c31 elementor-widget elementor-widget-heading\" data-id=\"3264c31\" data-element_type=\"widget\" data-widget_type=\"heading.default\">\n\t\t\t\t<div class=\"elementor-widget-container\">\n\t\t\t\t\t<h2 class=\"elementor-heading-title elementor-size-default\">M\u00fc\u00fcgi- ja tagastustingimused<\/h2>\t\t\t\t<\/div>\n\t\t\t\t<\/div>\n\t\t\t\t\t<\/div>\n\t\t<\/div>\n\t\t\t\t\t<\/div>\n\t\t<\/section>\n\t\t\t\t<section class=\"elementor-section elementor-top-section elementor-element elementor-element-080d44b elementor-section-boxed elementor-section-height-default elementor-section-height-default\" data-id=\"080d44b\" data-element_type=\"section\">\n\t\t\t\t\t\t<div class=\"elementor-container elementor-column-gap-default\">\n\t\t\t\t\t<div class=\"elementor-column elementor-col-100 elementor-top-column elementor-element elementor-element-e7b1d93\" data-id=\"e7b1d93\" data-element_type=\"column\">\n\t\t\t<div class=\"elementor-widget-wrap elementor-element-populated\">\n\t\t\t\t\t\t<div class=\"elementor-element elementor-element-8aa012c elementor-widget elementor-widget-text-editor\" data-id=\"8aa012c\" data-element_type=\"widget\" data-widget_type=\"text-editor.default\">\n\t\t\t\t<div class=\"elementor-widget-container\">\n\t\t\t\t\t\t\t\t\t<p>Veebilehe www.nuckostyle.ee (edasi Veebipood) omanik on MT\u00dc Tervem Noarootsi O\u00dc (registrikood 80323545), asukohaga P\u00fcrksi keskus 9, P\u00fcrksi k\u00fcla, L\u00e4\u00e4ne-Nigula vald, L\u00e4\u00e4ne maakond, 91201, Eesti.<\/p><p><span style=\"text-decoration: underline;\"><strong>M\u00fc\u00fcgilepingu kehtivus, kauba- ja hinnainfo<\/strong><\/span><\/p><ul><li>M\u00fc\u00fcgitingimused kehtivad Veebipoest kaupade ostmisel.<\/li><li>Veebipoes m\u00fc\u00fcdavate toodete hinnad on m\u00e4rgitud toodete juurde. Hinnale lisandub tasu kauba k\u00e4ttetoimetamise eest. K\u00f5ik Veebipoes m\u00fc\u00fcdavate kaupade hinnad on eurodes.<\/li><li>Kauba k\u00e4ttetoimetamise tasu s\u00f5ltub ostja asukohast ning k\u00e4ttetoimetamise viisist. K\u00e4ttetoimetamise tasu kuvatakse ostjale tellimuse vormistamisel.<\/li><li>Teave kauba kohta on esitatud Veebipoes vahetult kauba juures.<\/li><\/ul><p>\u00a0<\/p><p><span style=\"text-decoration: underline;\"><strong>Tellimuse vormistamine<\/strong><\/span><\/p><ul><li>Kauba tellimiseks tuleb lisada soovitud tooted ostukorvi. Tellimuse vormistamiseks tuleb t\u00e4ita n\u00f5utud andmev\u00e4ljad. Ostukorvis on v\u00f5imalik koguseid muuta ning tooteid ostukorvist eemaldada kuni toote eest tasumiseni.<\/li><li>Tellimus loetakse l\u00f5plikult vormistatuks p\u00e4rast makse laekumist. Teatise tellimuse kinnituse kohta saadab Veebipood kliendi e-posti aadressile.<\/li><li>Kliendi tellitud toote puudumisel t\u00fchistab Veebipood tellimuse. Tellimust v\u00f5ib t\u00fchistada nii osaliselt kui t\u00e4ielikult. T\u00fchistatud tellimusest informeeritakse koheselt klienti. Osalise t\u00fchistamise korral v\u00f5ib Veebipood k\u00fcsida kliendi soove \u00fclej\u00e4\u00e4nud tellimusega \u00fcmberk\u00e4imiseks \u2013 kas see l\u00e4hetada v\u00f5i samuti t\u00fchistada.<\/li><\/ul><p>\u00a0<\/p><p><strong><span style=\"text-decoration: underline;\">Maksmine ja kohaletoimetamine<\/span><\/strong><\/p><ul><li>Pangalingi maksed teostatakse Montonio makselahendusega.<\/li><li>Veebipoes sooritatud ostude eest tasub klient 100% ettemaksuna v\u00f5i j\u00e4relmaksuga l\u00e4bi vastavat teenust pakkuva partneri.<\/li><li>Tellimuste eest saab tasuda Eesti pangalinkidega, krediitkaardiga (Visa, MasterCard) ning j\u00e4relmaksuga (TFBank, Placet Group, Bigbank, SVEA Finance ja Holm Bank).<\/li><li>Tasumine toimub v\u00e4ljaspool Veebipoodi turvalises keskkonnas. Veebipoel puudub ligip\u00e4\u00e4s kliendi panga ja krediitkaardi andmetele.<\/li><li>Peale tellimuse esitamist ja kauba eest tasumist saadetakse kliendile e-posti teel tellimuse kinnitus.<\/li><li>E-pood tarnib tooteid kassas loetletud riikidesse.<\/li><li>Tooted tarnitakse kliendile Omniva, Itella Smart Posti ning DPD poolt pakutava teenusena.<\/li><li>Veebipood t\u00e4idab tellimused, st annab postiasutusele l\u00e4hetamiseks \u00fcle tellimuse hiljemalt 14 t\u00f6\u00f6p\u00e4eva jooksul p\u00e4rast tellimuse kinnitamist. Toote kohalej\u00f5udmine kliendini s\u00f5ltub toodete saadavusest ja postiteenistustest. Orienteeruv kohalej\u00f5udmise aeg Eestis on 5-35 t\u00f6\u00f6p\u00e4eva. Erandlikel juhtumitel on \u00f5igus kaup kohale toimetada kuni 60 kalendrip\u00e4eva jooksul.<\/li><\/ul><p>\u00a0<\/p><p><span style=\"text-decoration: underline;\"><strong>Taganemis\u00f5igus<\/strong><\/span><\/p><ul><li>P\u00e4rast tellimuse k\u00e4ttesaamist on ostjal \u00f5igus Veebipoes s\u00f5lmitud lepingust taganeda 14 p\u00e4eva jooksul.<\/li><li>Taganemis\u00f5igus ei kohaldu, kui ostjaks on juriidiline isik.<\/li><li>14-p\u00e4evase tagastamis\u00f5iguse kasutamiseks tuleb kaupa kasutada otstarbekalt ja kaup ei tohi olla kahjustatud.<\/li><li>Tagastatava toote seisukord:<\/li><li>Tagastamisele kuuluv toode ei tohi olla kahjustunud.Kui tagastatav toode on halvenenud asjaoludest, mis ei ole tingitud Veebipoe asjaoludest, on eelnimetatud ettev\u00f5ttel \u00f5igus tasaarveldada toote v\u00e4\u00e4rtuse v\u00e4henemine kliendi poolt toote eest tasutud ning kliendile tagastamisele kuuluva summaga.<\/li><\/ul><ul><li>Tagastamisele kuuluv toode ei tohi omada kasutamise m\u00e4rke.<\/li><li>Kui kauba sobimatuse veendumiseks tuli kaupa proovida, loetakse kaup mittekasutatuks.<\/li><li>Kauba tagastamiseks tuleb esitada kauba ostmisest taganemise soovi\u00a0avaldus. Tagastamisavaldus tuleb saata e-posti aadressile <u>tervemnoarootsi@gmail.com<\/u>\u00a0 hiljemalt 14 p\u00e4eva jooksul kauba k\u00e4ttesaamisest. Kauba tagastamise kulud kannab ostja, v\u00e4lja arvatud juhul, kui tagastamise p\u00f5hjus seisneb asjaolus, et tagastamisele kuuluv asi ei vasta tellitudele (nt vale v\u00f5i defektiga kaup).<\/li><li>Ostja peab kauba tagastama avalduse esitamisele j\u00e4rgneva 14 p\u00e4eva jooksul v\u00f5i esitama t\u00f5endi, et on eelnimetatud perioodi jooksul kauba \u00fcle andnud kauba vedajale. Veebipood tagastab tagastatava kauba k\u00e4ttesaamisel ostjale viivitamata, kuid mitte hiljem kui 14 p\u00e4eva m\u00f6\u00f6dumisel arvates taganemisavalduse saamisest, k\u00f5ik ostjalt lepingu alusel saadud tasud.<\/li><li>Veebipood v\u00f5ib keelduda tagasimaksete tegemisest seni, kuni on lepingu esemeks oleva asja tagasi saanud. Veebipoel on \u00f5igus taganeda m\u00fc\u00fcgitehingust ning n\u00f5uda ostjalt tagasi kaup, kui kauba hind veebipoes on eksituse t\u00f5ttu m\u00e4rgitud oluliselt alla kauba turuhinna.<\/li><\/ul><p>\u00a0<\/p><p><span style=\"text-decoration: underline;\"><strong>Pretensioonide esitamise \u00f5igus<\/strong><\/span><\/p><ul><li>Ostjal on \u00f5igus puuduse ilmnemisel p\u00f6\u00f6rduda hiljemalt kahe kuu jooksul Veebipoe poole, saates e-kirja aadressile\u00a0 <u>tervemnoarootsi@gmail.com<\/u>. Veebipood ei vastuta puuduste eest, mis on tekkinud p\u00e4rast kauba \u00fcleandmist ostjale.<\/li><li>Kui Veebipoest ostetud kaubal on puudused, mille eest Veebipood vastutab, parandab v\u00f5i asendab Veebipood puudusega kauba. Kui kaupa ei ole v\u00f5imalik parandada ega asendada, tagastab Veebipood ostjale k\u00f5ik m\u00fc\u00fcgilepinguga kaasnenud tasud.<\/li><\/ul><p>\u00a0<\/p><p><span style=\"text-decoration: underline;\"><strong>Isikuandmete t\u00f6\u00f6tlemine<\/strong><\/span><\/p><ul><li>Veebipood kasutab ostja poolt sisestatud isikuandmeid (sh nimi, telefoninumber, aadress, e-maili aadress, pangarekvisiidid) ainult tellimuse t\u00f6\u00f6tlemiseks ning kauba ostjale saatmiseks. Veebipood edastab isikuandmeid veoteenust pakkuvale ettev\u00f5tetele selleks, et kohale toimetada kaupa.<\/li><li>Veebipood saadab ostjale uudiskirju ning pakkumisi ostja e-maili aadressile ainult juhul, kui ostja on selleks avaldanud soovi sisestades veebilehel e-kirja aadressi ning andnud teada oma soovist otsepostituse teadete saamiseks.<\/li><li>Ostjal on igal ajal v\u00f5imalik loobuda e-postile saadetavatest pakkumistest ja uudiskirjadest andes sellest meile teada e-kirja teel v\u00f5i j\u00e4rgides pakkumisi sisaldava e-kirjas toodud juhiseid.<\/li><\/ul><p>\u00a0<\/p><p><span style=\"text-decoration: underline;\"><strong>Vaidluste lahendamine<\/strong><\/span><\/p><ul><li>Kui ostjal on Veebipoe osas pretensioone, tuleb need saata e-kirja aadressile\u00a0 <u>tervemnoarootsi@gmail.com<\/u>.<\/li><li>Kui ostja ja Veebipood ei suuda lahenda vaidlust kokkuleppe teel, siis on ostjal v\u00f5imalik p\u00f6\u00f6rduda Tarbijavaidluste komisjoni poole. Tarbijavaidluste komisjoni p\u00e4devuses on lahendada ostja ja Veebipoe vahel s\u00f5lmitud lepingust tulenevaid vaidlusi. Ostja kaebuse l\u00e4bivaatamine komisjonis on tasuta.<\/li><\/ul><p><span style=\"text-decoration: underline;\"><strong>Lehe privaatsuspoliitika<\/strong><\/span><\/p><ul><li>Lehe privaatsuspoliitika leiab <a href=\"http:\/\/www.nuckostyle.ee\/privaatsuspoliitika\" target=\"_blank\" rel=\"noopener\"><span style=\"text-decoration: underline;\">siit.<\/span><\/a><\/li><\/ul>\t\t\t\t\t\t\t\t<\/div>\n\t\t\t\t<\/div>\n\t\t\t\t\t<\/div>\n\t\t<\/div>\n\t\t\t\t\t<\/div>\n\t\t<\/section>\n\t\t\t\t<section class=\"elementor-section elementor-top-section elementor-element elementor-element-d83a01f elementor-section-boxed elementor-section-height-default elementor-section-height-default\" data-id=\"d83a01f\" data-element_type=\"section\">\n\t\t\t\t\t\t<div class=\"elementor-container elementor-column-gap-default\">\n\t\t\t\t\t<div class=\"elementor-column elementor-col-100 elementor-top-column elementor-element elementor-element-448a4fe\" data-id=\"448a4fe\" data-element_type=\"column\">\n\t\t\t<div class=\"elementor-widget-wrap elementor-element-populated\">\n\t\t\t\t\t\t<div class=\"elementor-element elementor-element-b507361 elementor-widget elementor-widget-spacer\" data-id=\"b507361\" data-element_type=\"widget\" data-widget_type=\"spacer.default\">\n\t\t\t\t<div class=\"elementor-widget-container\">\n\t\t\t\t\t\t\t<div class=\"elementor-spacer\">\n\t\t\t<div class=\"elementor-spacer-inner\"><\/div>\n\t\t<\/div>\n\t\t\t\t\t\t<\/div>\n\t\t\t\t<\/div>\n\t\t\t\t\t<\/div>\n\t\t<\/div>\n\t\t\t\t\t<\/div>\n\t\t<\/section>\n\t\t\t\t<\/div>\n\t\t","protected":false},"excerpt":{"rendered":"<p>M\u00fc\u00fcgi- ja tagastustingimused Veebilehe www.nuckostyle.ee (edasi Veebipood) omanik on MT\u00dc Tervem Noarootsi O\u00dc (registrikood 80323545), asukohaga P\u00fcrksi keskus 9, P\u00fcrksi k\u00fcla, L\u00e4\u00e4ne-Nigula vald, L\u00e4\u00e4ne maakond, 91201, Eesti. M\u00fc\u00fcgilepingu kehtivus, kauba- ja hinnainfo M\u00fc\u00fcgitingimused kehtivad Veebipoest kaupade ostmisel. Veebipoes m\u00fc\u00fcdavate toodete hinnad on m\u00e4rgitud toodete juurde. Hinnale lisandub tasu kauba k\u00e4ttetoimetamise eest. K\u00f5ik Veebipoes m\u00fc\u00fcdavate kaupade [&hellip;]<\/p>\n","protected":false},"author":1,"featured_media":0,"parent":0,"menu_order":0,"comment_status":"closed","ping_status":"closed","template":"","meta":{"footnotes":""},"class_list":["post-37","page","type-page","status-publish","hentry"],"yoast_head":"<!-- This site is optimized with the Yoast SEO plugin v25.1 - https:\/\/yoast.com\/wordpress\/plugins\/seo\/ -->\n<title>M\u00fc\u00fcgi- ja tagastustingimused - Nuckostyle - Noarootsi k\u00e4sit\u00f6\u00f6<\/title>\n<meta name=\"robots\" content=\"index, follow, max-snippet:-1, max-image-preview:large, max-video-preview:-1\" \/>\n<link rel=\"canonical\" href=\"https:\/\/nuckostyle.ee\/en\/muuk-ja-tagastus\/\" \/>\n<meta property=\"og:locale\" content=\"en_US\" \/>\n<meta property=\"og:type\" content=\"article\" \/>\n<meta property=\"og:title\" content=\"M\u00fc\u00fcgi- ja tagastustingimused - Nuckostyle - Noarootsi k\u00e4sit\u00f6\u00f6\" \/>\n<meta property=\"og:description\" content=\"M\u00fc\u00fcgi- ja tagastustingimused Veebilehe www.nuckostyle.ee (edasi Veebipood) omanik on MT\u00dc Tervem Noarootsi O\u00dc (registrikood 80323545), asukohaga P\u00fcrksi keskus 9, P\u00fcrksi k\u00fcla, L\u00e4\u00e4ne-Nigula vald, L\u00e4\u00e4ne maakond, 91201, Eesti. M\u00fc\u00fcgilepingu kehtivus, kauba- ja hinnainfo M\u00fc\u00fcgitingimused kehtivad Veebipoest kaupade ostmisel. Veebipoes m\u00fc\u00fcdavate toodete hinnad on m\u00e4rgitud toodete juurde. Hinnale lisandub tasu kauba k\u00e4ttetoimetamise eest. K\u00f5ik Veebipoes m\u00fc\u00fcdavate kaupade [&hellip;]\" \/>\n<meta property=\"og:url\" content=\"https:\/\/nuckostyle.ee\/en\/muuk-ja-tagastus\/\" \/>\n<meta property=\"og:site_name\" content=\"Nuckostyle - Noarootsi k\u00e4sit\u00f6\u00f6\" \/>\n<meta property=\"article:publisher\" content=\"https:\/\/www.facebook.com\/noarootsikasitookoda\" \/>\n<meta property=\"article:modified_time\" content=\"2023-09-26T18:10:55+00:00\" \/>\n<meta property=\"og:image\" content=\"https:\/\/nuckostyle.ee\/wp-content\/uploads\/2023\/09\/Noarootsi-1200x675-1.jpg\" \/>\n\t<meta property=\"og:image:width\" content=\"1200\" \/>\n\t<meta property=\"og:image:height\" content=\"675\" \/>\n\t<meta property=\"og:image:type\" content=\"image\/jpeg\" \/>\n<meta name=\"twitter:card\" content=\"summary_large_image\" \/>\n<meta name=\"twitter:label1\" content=\"Est. reading time\" \/>\n\t<meta name=\"twitter:data1\" content=\"4 minutes\" \/>\n<script type=\"application\/ld+json\" class=\"yoast-schema-graph\">{\"@context\":\"https:\/\/schema.org\",\"@graph\":[{\"@type\":\"WebPage\",\"@id\":\"https:\/\/nuckostyle.ee\/en\/muuk-ja-tagastus\/\",\"url\":\"https:\/\/nuckostyle.ee\/en\/muuk-ja-tagastus\/\",\"name\":\"M\u00fc\u00fcgi- ja tagastustingimused - Nuckostyle - Noarootsi k\u00e4sit\u00f6\u00f6\",\"isPartOf\":{\"@id\":\"https:\/\/nuckostyle.ee\/en\/#website\"},\"datePublished\":\"2023-09-18T11:23:00+00:00\",\"dateModified\":\"2023-09-26T18:10:55+00:00\",\"breadcrumb\":{\"@id\":\"https:\/\/nuckostyle.ee\/en\/muuk-ja-tagastus\/#breadcrumb\"},\"inLanguage\":\"en-US\",\"potentialAction\":[{\"@type\":\"ReadAction\",\"target\":[\"https:\/\/nuckostyle.ee\/en\/muuk-ja-tagastus\/\"]}]},{\"@type\":\"BreadcrumbList\",\"@id\":\"https:\/\/nuckostyle.ee\/en\/muuk-ja-tagastus\/#breadcrumb\",\"itemListElement\":[{\"@type\":\"ListItem\",\"position\":1,\"name\":\"Home\",\"item\":\"https:\/\/nuckostyle.ee\/en\/\"},{\"@type\":\"ListItem\",\"position\":2,\"name\":\"M\u00fc\u00fcgi- ja tagastustingimused\"}]},{\"@type\":\"WebSite\",\"@id\":\"https:\/\/nuckostyle.ee\/en\/#website\",\"url\":\"https:\/\/nuckostyle.ee\/en\/\",\"name\":\"Nuck\u00f6style - Noarootsi k\u00e4sit\u00f6\u00f6\",\"description\":\"Noarootsi k\u00e4sit\u00f6\u00f6\",\"publisher\":{\"@id\":\"https:\/\/nuckostyle.ee\/en\/#organization\"},\"alternateName\":\"Noarootsi k\u00e4sit\u00f6\u00f6\",\"potentialAction\":[{\"@type\":\"SearchAction\",\"target\":{\"@type\":\"EntryPoint\",\"urlTemplate\":\"https:\/\/nuckostyle.ee\/en\/?s={search_term_string}\"},\"query-input\":{\"@type\":\"PropertyValueSpecification\",\"valueRequired\":true,\"valueName\":\"search_term_string\"}}],\"inLanguage\":\"en-US\"},{\"@type\":\"Organization\",\"@id\":\"https:\/\/nuckostyle.ee\/en\/#organization\",\"name\":\"Nuck\u00f6style - Noarootsi k\u00e4sit\u00f6\u00f6\",\"alternateName\":\"Noarootsi k\u00e4sit\u00f6\u00f6\",\"url\":\"https:\/\/nuckostyle.ee\/en\/\",\"logo\":{\"@type\":\"ImageObject\",\"inLanguage\":\"en-US\",\"@id\":\"https:\/\/nuckostyle.ee\/en\/#\/schema\/logo\/image\/\",\"url\":\"https:\/\/nuckostyle.ee\/wp-content\/uploads\/2023\/09\/Favicon.png\",\"contentUrl\":\"https:\/\/nuckostyle.ee\/wp-content\/uploads\/2023\/09\/Favicon.png\",\"width\":300,\"height\":300,\"caption\":\"Nuck\u00f6style - Noarootsi k\u00e4sit\u00f6\u00f6\"},\"image\":{\"@id\":\"https:\/\/nuckostyle.ee\/en\/#\/schema\/logo\/image\/\"},\"sameAs\":[\"https:\/\/www.facebook.com\/noarootsikasitookoda\",\"https:\/\/www.facebook.com\/tervemnoarootsi\"]}]}<\/script>\n<!-- \/ Yoast SEO plugin. -->","yoast_head_json":{"title":"M\u00fc\u00fcgi- ja tagastustingimused - Nuckostyle - Noarootsi k\u00e4sit\u00f6\u00f6","robots":{"index":"index","follow":"follow","max-snippet":"max-snippet:-1","max-image-preview":"max-image-preview:large","max-video-preview":"max-video-preview:-1"},"canonical":"https:\/\/nuckostyle.ee\/en\/muuk-ja-tagastus\/","og_locale":"en_US","og_type":"article","og_title":"M\u00fc\u00fcgi- ja tagastustingimused - Nuckostyle - Noarootsi k\u00e4sit\u00f6\u00f6","og_description":"M\u00fc\u00fcgi- ja tagastustingimused Veebilehe www.nuckostyle.ee (edasi Veebipood) omanik on MT\u00dc Tervem Noarootsi O\u00dc (registrikood 80323545), asukohaga P\u00fcrksi keskus 9, P\u00fcrksi k\u00fcla, L\u00e4\u00e4ne-Nigula vald, L\u00e4\u00e4ne maakond, 91201, Eesti. M\u00fc\u00fcgilepingu kehtivus, kauba- ja hinnainfo M\u00fc\u00fcgitingimused kehtivad Veebipoest kaupade ostmisel. Veebipoes m\u00fc\u00fcdavate toodete hinnad on m\u00e4rgitud toodete juurde. Hinnale lisandub tasu kauba k\u00e4ttetoimetamise eest. K\u00f5ik Veebipoes m\u00fc\u00fcdavate kaupade [&hellip;]","og_url":"https:\/\/nuckostyle.ee\/en\/muuk-ja-tagastus\/","og_site_name":"Nuckostyle - Noarootsi k\u00e4sit\u00f6\u00f6","article_publisher":"https:\/\/www.facebook.com\/noarootsikasitookoda","article_modified_time":"2023-09-26T18:10:55+00:00","og_image":[{"width":1200,"height":675,"url":"https:\/\/nuckostyle.ee\/wp-content\/uploads\/2023\/09\/Noarootsi-1200x675-1.jpg","type":"image\/jpeg"}],"twitter_card":"summary_large_image","twitter_misc":{"Est. reading time":"4 minutes"},"schema":{"@context":"https:\/\/schema.org","@graph":[{"@type":"WebPage","@id":"https:\/\/nuckostyle.ee\/en\/muuk-ja-tagastus\/","url":"https:\/\/nuckostyle.ee\/en\/muuk-ja-tagastus\/","name":"M\u00fc\u00fcgi- ja tagastustingimused - Nuckostyle - Noarootsi k\u00e4sit\u00f6\u00f6","isPartOf":{"@id":"https:\/\/nuckostyle.ee\/en\/#website"},"datePublished":"2023-09-18T11:23:00+00:00","dateModified":"2023-09-26T18:10:55+00:00","breadcrumb":{"@id":"https:\/\/nuckostyle.ee\/en\/muuk-ja-tagastus\/#breadcrumb"},"inLanguage":"en-US","potentialAction":[{"@type":"ReadAction","target":["https:\/\/nuckostyle.ee\/en\/muuk-ja-tagastus\/"]}]},{"@type":"BreadcrumbList","@id":"https:\/\/nuckostyle.ee\/en\/muuk-ja-tagastus\/#breadcrumb","itemListElement":[{"@type":"ListItem","position":1,"name":"Home","item":"https:\/\/nuckostyle.ee\/en\/"},{"@type":"ListItem","position":2,"name":"M\u00fc\u00fcgi- ja tagastustingimused"}]},{"@type":"WebSite","@id":"https:\/\/nuckostyle.ee\/en\/#website","url":"https:\/\/nuckostyle.ee\/en\/","name":"Nuck\u00f6style - Noarootsi k\u00e4sit\u00f6\u00f6","description":"Noarootsi k\u00e4sit\u00f6\u00f6","publisher":{"@id":"https:\/\/nuckostyle.ee\/en\/#organization"},"alternateName":"Noarootsi k\u00e4sit\u00f6\u00f6","potentialAction":[{"@type":"SearchAction","target":{"@type":"EntryPoint","urlTemplate":"https:\/\/nuckostyle.ee\/en\/?s={search_term_string}"},"query-input":{"@type":"PropertyValueSpecification","valueRequired":true,"valueName":"search_term_string"}}],"inLanguage":"en-US"},{"@type":"Organization","@id":"https:\/\/nuckostyle.ee\/en\/#organization","name":"Nuck\u00f6style - Noarootsi k\u00e4sit\u00f6\u00f6","alternateName":"Noarootsi k\u00e4sit\u00f6\u00f6","url":"https:\/\/nuckostyle.ee\/en\/","logo":{"@type":"ImageObject","inLanguage":"en-US","@id":"https:\/\/nuckostyle.ee\/en\/#\/schema\/logo\/image\/","url":"https:\/\/nuckostyle.ee\/wp-content\/uploads\/2023\/09\/Favicon.png","contentUrl":"https:\/\/nuckostyle.ee\/wp-content\/uploads\/2023\/09\/Favicon.png","width":300,"height":300,"caption":"Nuck\u00f6style - Noarootsi k\u00e4sit\u00f6\u00f6"},"image":{"@id":"https:\/\/nuckostyle.ee\/en\/#\/schema\/logo\/image\/"},"sameAs":["https:\/\/www.facebook.com\/noarootsikasitookoda","https:\/\/www.facebook.com\/tervemnoarootsi"]}]}},"_links":{"self":[{"href":"https:\/\/nuckostyle.ee\/en\/wp-json\/wp\/v2\/pages\/37","targetHints":{"allow":["GET"]}}],"collection":[{"href":"https:\/\/nuckostyle.ee\/en\/wp-json\/wp\/v2\/pages"}],"about":[{"href":"https:\/\/nuckostyle.ee\/en\/wp-json\/wp\/v2\/types\/page"}],"author":[{"embeddable":true,"href":"https:\/\/nuckostyle.ee\/en\/wp-json\/wp\/v2\/users\/1"}],"replies":[{"embeddable":true,"href":"https:\/\/nuckostyle.ee\/en\/wp-json\/wp\/v2\/comments?post=37"}],"version-history":[{"count":5,"href":"https:\/\/nuckostyle.ee\/en\/wp-json\/wp\/v2\/pages\/37\/revisions"}],"predecessor-version":[{"id":1746,"href":"https:\/\/nuckostyle.ee\/en\/wp-json\/wp\/v2\/pages\/37\/revisions\/1746"}],"wp:attachment":[{"href":"https:\/\/nuckostyle.ee\/en\/wp-json\/wp\/v2\/media?parent=37"}],"curies":[{"name":"wp","href":"https:\/\/api.w.org\/{rel}","templated":true}]}}