{"id":1028,"date":"2023-09-21T13:47:24","date_gmt":"2023-09-21T10:47:24","guid":{"rendered":"https:\/\/nuckostyle.ee\/?post_type=product&#038;p=1028"},"modified":"2023-10-05T13:14:30","modified_gmt":"2023-10-05T10:14:30","slug":"puuvillane-poekott-21l","status":"publish","type":"product","link":"https:\/\/nuckostyle.ee\/en\/toode\/puuvillane-poekott-21l\/","title":{"rendered":"Puuvillane poekott, 21 l"},"content":{"rendered":"<p>100% Jute, seest lamineeritud.<\/p>\n<p>Puuvillase rihmaga k\u00e4epidemed.<\/p>\n<p>Mahutavus: 21 liitrit.<\/p>\n<p>M\u00f5\u00f5dud: 42 x 33 x 19 cm.<\/p>\n","protected":false},"excerpt":{"rendered":"<p>100% Jute, seest lamineeritud.<\/p>\n<p>Puuvillase rihmaga k\u00e4epidemed.<\/p>\n<p>Mahutavus: 21 liitrit.<\/p>\n","protected":false},"featured_media":1031,"comment_status":"closed","ping_status":"closed","template":"","meta":[],"product_brand":[],"product_cat":[49],"product_tag":[91],"class_list":{"0":"post-1028","1":"product","2":"type-product","3":"status-publish","4":"has-post-thumbnail","6":"product_cat-kotid-aksessuaarid","7":"product_tag-poekott","9":"first","10":"instock","11":"shipping-taxable","12":"purchasable","13":"product-type-variable"},"yoast_head":"<!-- This site is optimized with the Yoast SEO plugin v25.1 - https:\/\/yoast.com\/wordpress\/plugins\/seo\/ -->\n<title>Puuvillane poekott, 21 l - Nuckostyle - Noarootsi k\u00e4sit\u00f6\u00f6<\/title>\n<meta name=\"description\" content=\"Puuvillane suur poekott, mis mahutab lausa 21l. Kotti on saadaval mitmes eri v\u00e4rvitoonis ning kotile saab lisada oma nime v\u00f5i teksti.\" \/>\n<meta name=\"robots\" content=\"index, follow, max-snippet:-1, max-image-preview:large, max-video-preview:-1\" \/>\n<link rel=\"canonical\" href=\"https:\/\/nuckostyle.ee\/en\/toode\/puuvillane-poekott-21l\/\" \/>\n<meta property=\"og:locale\" content=\"en_US\" \/>\n<meta property=\"og:type\" content=\"article\" \/>\n<meta property=\"og:title\" content=\"Puuvillane poekott, 21 l - Nuckostyle - Noarootsi k\u00e4sit\u00f6\u00f6\" \/>\n<meta property=\"og:description\" content=\"Puuvillane suur poekott, mis mahutab lausa 21l. Kotti on saadaval mitmes eri v\u00e4rvitoonis ning kotile saab lisada oma nime v\u00f5i teksti.\" \/>\n<meta property=\"og:url\" content=\"https:\/\/nuckostyle.ee\/en\/toode\/puuvillane-poekott-21l\/\" \/>\n<meta property=\"og:site_name\" content=\"Nuckostyle - Noarootsi k\u00e4sit\u00f6\u00f6\" \/>\n<meta property=\"article:publisher\" content=\"https:\/\/www.facebook.com\/noarootsikasitookoda\" \/>\n<meta property=\"article:modified_time\" content=\"2023-10-05T10:14:30+00:00\" \/>\n<meta property=\"og:image\" content=\"https:\/\/nuckostyle.ee\/wp-content\/uploads\/2023\/09\/Poekott-1.jpeg\" \/>\n\t<meta property=\"og:image:width\" content=\"471\" \/>\n\t<meta property=\"og:image:height\" content=\"600\" \/>\n\t<meta property=\"og:image:type\" content=\"image\/jpeg\" \/>\n<meta name=\"twitter:card\" content=\"summary_large_image\" \/>\n<meta name=\"twitter:label1\" content=\"Est. reading time\" \/>\n\t<meta name=\"twitter:data1\" content=\"1 minute\" \/>\n<script type=\"application\/ld+json\" class=\"yoast-schema-graph\">{\"@context\":\"https:\/\/schema.org\",\"@graph\":[{\"@type\":\"WebPage\",\"@id\":\"https:\/\/nuckostyle.ee\/en\/toode\/puuvillane-poekott-21l\/\",\"url\":\"https:\/\/nuckostyle.ee\/en\/toode\/puuvillane-poekott-21l\/\",\"name\":\"Puuvillane poekott, 21 l - Nuckostyle - Noarootsi k\u00e4sit\u00f6\u00f6\",\"isPartOf\":{\"@id\":\"https:\/\/nuckostyle.ee\/en\/#website\"},\"primaryImageOfPage\":{\"@id\":\"https:\/\/nuckostyle.ee\/en\/toode\/puuvillane-poekott-21l\/#primaryimage\"},\"image\":{\"@id\":\"https:\/\/nuckostyle.ee\/en\/toode\/puuvillane-poekott-21l\/#primaryimage\"},\"thumbnailUrl\":\"https:\/\/nuckostyle.ee\/wp-content\/uploads\/2023\/09\/Poekott-1.jpeg\",\"datePublished\":\"2023-09-21T10:47:24+00:00\",\"dateModified\":\"2023-10-05T10:14:30+00:00\",\"description\":\"Puuvillane suur poekott, mis mahutab lausa 21l. Kotti on saadaval mitmes eri v\u00e4rvitoonis ning kotile saab lisada oma nime v\u00f5i teksti.\",\"breadcrumb\":{\"@id\":\"https:\/\/nuckostyle.ee\/en\/toode\/puuvillane-poekott-21l\/#breadcrumb\"},\"inLanguage\":\"en-US\",\"potentialAction\":[{\"@type\":\"ReadAction\",\"target\":[\"https:\/\/nuckostyle.ee\/en\/toode\/puuvillane-poekott-21l\/\"]}]},{\"@type\":\"ImageObject\",\"inLanguage\":\"en-US\",\"@id\":\"https:\/\/nuckostyle.ee\/en\/toode\/puuvillane-poekott-21l\/#primaryimage\",\"url\":\"https:\/\/nuckostyle.ee\/wp-content\/uploads\/2023\/09\/Poekott-1.jpeg\",\"contentUrl\":\"https:\/\/nuckostyle.ee\/wp-content\/uploads\/2023\/09\/Poekott-1.jpeg\",\"width\":471,\"height\":600,\"caption\":\"Poekott\"},{\"@type\":\"BreadcrumbList\",\"@id\":\"https:\/\/nuckostyle.ee\/en\/toode\/puuvillane-poekott-21l\/#breadcrumb\",\"itemListElement\":[{\"@type\":\"ListItem\",\"position\":1,\"name\":\"Home\",\"item\":\"https:\/\/nuckostyle.ee\/en\/\"},{\"@type\":\"ListItem\",\"position\":2,\"name\":\"Nuck\u00f6style pood\",\"item\":\"https:\/\/nuckostyle.ee\/pood\/\"},{\"@type\":\"ListItem\",\"position\":3,\"name\":\"Puuvillane poekott, 21 l\"}]},{\"@type\":\"WebSite\",\"@id\":\"https:\/\/nuckostyle.ee\/en\/#website\",\"url\":\"https:\/\/nuckostyle.ee\/en\/\",\"name\":\"Nuck\u00f6style - Noarootsi k\u00e4sit\u00f6\u00f6\",\"description\":\"Noarootsi k\u00e4sit\u00f6\u00f6\",\"publisher\":{\"@id\":\"https:\/\/nuckostyle.ee\/en\/#organization\"},\"alternateName\":\"Noarootsi k\u00e4sit\u00f6\u00f6\",\"potentialAction\":[{\"@type\":\"SearchAction\",\"target\":{\"@type\":\"EntryPoint\",\"urlTemplate\":\"https:\/\/nuckostyle.ee\/en\/?s={search_term_string}\"},\"query-input\":{\"@type\":\"PropertyValueSpecification\",\"valueRequired\":true,\"valueName\":\"search_term_string\"}}],\"inLanguage\":\"en-US\"},{\"@type\":\"Organization\",\"@id\":\"https:\/\/nuckostyle.ee\/en\/#organization\",\"name\":\"Nuck\u00f6style - Noarootsi k\u00e4sit\u00f6\u00f6\",\"alternateName\":\"Noarootsi k\u00e4sit\u00f6\u00f6\",\"url\":\"https:\/\/nuckostyle.ee\/en\/\",\"logo\":{\"@type\":\"ImageObject\",\"inLanguage\":\"en-US\",\"@id\":\"https:\/\/nuckostyle.ee\/en\/#\/schema\/logo\/image\/\",\"url\":\"https:\/\/nuckostyle.ee\/wp-content\/uploads\/2023\/09\/Favicon.png\",\"contentUrl\":\"https:\/\/nuckostyle.ee\/wp-content\/uploads\/2023\/09\/Favicon.png\",\"width\":300,\"height\":300,\"caption\":\"Nuck\u00f6style - Noarootsi k\u00e4sit\u00f6\u00f6\"},\"image\":{\"@id\":\"https:\/\/nuckostyle.ee\/en\/#\/schema\/logo\/image\/\"},\"sameAs\":[\"https:\/\/www.facebook.com\/noarootsikasitookoda\",\"https:\/\/www.facebook.com\/tervemnoarootsi\"]}]}<\/script>\n<!-- \/ Yoast SEO plugin. -->","yoast_head_json":{"title":"Puuvillane poekott, 21 l - Nuckostyle - Noarootsi k\u00e4sit\u00f6\u00f6","description":"Puuvillane suur poekott, mis mahutab lausa 21l. Kotti on saadaval mitmes eri v\u00e4rvitoonis ning kotile saab lisada oma nime v\u00f5i teksti.","robots":{"index":"index","follow":"follow","max-snippet":"max-snippet:-1","max-image-preview":"max-image-preview:large","max-video-preview":"max-video-preview:-1"},"canonical":"https:\/\/nuckostyle.ee\/en\/toode\/puuvillane-poekott-21l\/","og_locale":"en_US","og_type":"article","og_title":"Puuvillane poekott, 21 l - Nuckostyle - Noarootsi k\u00e4sit\u00f6\u00f6","og_description":"Puuvillane suur poekott, mis mahutab lausa 21l. Kotti on saadaval mitmes eri v\u00e4rvitoonis ning kotile saab lisada oma nime v\u00f5i teksti.","og_url":"https:\/\/nuckostyle.ee\/en\/toode\/puuvillane-poekott-21l\/","og_site_name":"Nuckostyle - Noarootsi k\u00e4sit\u00f6\u00f6","article_publisher":"https:\/\/www.facebook.com\/noarootsikasitookoda","article_modified_time":"2023-10-05T10:14:30+00:00","og_image":[{"width":471,"height":600,"url":"https:\/\/nuckostyle.ee\/wp-content\/uploads\/2023\/09\/Poekott-1.jpeg","type":"image\/jpeg"}],"twitter_card":"summary_large_image","twitter_misc":{"Est. reading time":"1 minute"},"schema":{"@context":"https:\/\/schema.org","@graph":[{"@type":"WebPage","@id":"https:\/\/nuckostyle.ee\/en\/toode\/puuvillane-poekott-21l\/","url":"https:\/\/nuckostyle.ee\/en\/toode\/puuvillane-poekott-21l\/","name":"Puuvillane poekott, 21 l - Nuckostyle - Noarootsi k\u00e4sit\u00f6\u00f6","isPartOf":{"@id":"https:\/\/nuckostyle.ee\/en\/#website"},"primaryImageOfPage":{"@id":"https:\/\/nuckostyle.ee\/en\/toode\/puuvillane-poekott-21l\/#primaryimage"},"image":{"@id":"https:\/\/nuckostyle.ee\/en\/toode\/puuvillane-poekott-21l\/#primaryimage"},"thumbnailUrl":"https:\/\/nuckostyle.ee\/wp-content\/uploads\/2023\/09\/Poekott-1.jpeg","datePublished":"2023-09-21T10:47:24+00:00","dateModified":"2023-10-05T10:14:30+00:00","description":"Puuvillane suur poekott, mis mahutab lausa 21l. Kotti on saadaval mitmes eri v\u00e4rvitoonis ning kotile saab lisada oma nime v\u00f5i teksti.","breadcrumb":{"@id":"https:\/\/nuckostyle.ee\/en\/toode\/puuvillane-poekott-21l\/#breadcrumb"},"inLanguage":"en-US","potentialAction":[{"@type":"ReadAction","target":["https:\/\/nuckostyle.ee\/en\/toode\/puuvillane-poekott-21l\/"]}]},{"@type":"ImageObject","inLanguage":"en-US","@id":"https:\/\/nuckostyle.ee\/en\/toode\/puuvillane-poekott-21l\/#primaryimage","url":"https:\/\/nuckostyle.ee\/wp-content\/uploads\/2023\/09\/Poekott-1.jpeg","contentUrl":"https:\/\/nuckostyle.ee\/wp-content\/uploads\/2023\/09\/Poekott-1.jpeg","width":471,"height":600,"caption":"Poekott"},{"@type":"BreadcrumbList","@id":"https:\/\/nuckostyle.ee\/en\/toode\/puuvillane-poekott-21l\/#breadcrumb","itemListElement":[{"@type":"ListItem","position":1,"name":"Home","item":"https:\/\/nuckostyle.ee\/en\/"},{"@type":"ListItem","position":2,"name":"Nuck\u00f6style pood","item":"https:\/\/nuckostyle.ee\/pood\/"},{"@type":"ListItem","position":3,"name":"Puuvillane poekott, 21 l"}]},{"@type":"WebSite","@id":"https:\/\/nuckostyle.ee\/en\/#website","url":"https:\/\/nuckostyle.ee\/en\/","name":"Nuck\u00f6style - Noarootsi k\u00e4sit\u00f6\u00f6","description":"Noarootsi k\u00e4sit\u00f6\u00f6","publisher":{"@id":"https:\/\/nuckostyle.ee\/en\/#organization"},"alternateName":"Noarootsi k\u00e4sit\u00f6\u00f6","potentialAction":[{"@type":"SearchAction","target":{"@type":"EntryPoint","urlTemplate":"https:\/\/nuckostyle.ee\/en\/?s={search_term_string}"},"query-input":{"@type":"PropertyValueSpecification","valueRequired":true,"valueName":"search_term_string"}}],"inLanguage":"en-US"},{"@type":"Organization","@id":"https:\/\/nuckostyle.ee\/en\/#organization","name":"Nuck\u00f6style - Noarootsi k\u00e4sit\u00f6\u00f6","alternateName":"Noarootsi k\u00e4sit\u00f6\u00f6","url":"https:\/\/nuckostyle.ee\/en\/","logo":{"@type":"ImageObject","inLanguage":"en-US","@id":"https:\/\/nuckostyle.ee\/en\/#\/schema\/logo\/image\/","url":"https:\/\/nuckostyle.ee\/wp-content\/uploads\/2023\/09\/Favicon.png","contentUrl":"https:\/\/nuckostyle.ee\/wp-content\/uploads\/2023\/09\/Favicon.png","width":300,"height":300,"caption":"Nuck\u00f6style - Noarootsi k\u00e4sit\u00f6\u00f6"},"image":{"@id":"https:\/\/nuckostyle.ee\/en\/#\/schema\/logo\/image\/"},"sameAs":["https:\/\/www.facebook.com\/noarootsikasitookoda","https:\/\/www.facebook.com\/tervemnoarootsi"]}]}},"_links":{"self":[{"href":"https:\/\/nuckostyle.ee\/en\/wp-json\/wp\/v2\/product\/1028","targetHints":{"allow":["GET"]}}],"collection":[{"href":"https:\/\/nuckostyle.ee\/en\/wp-json\/wp\/v2\/product"}],"about":[{"href":"https:\/\/nuckostyle.ee\/en\/wp-json\/wp\/v2\/types\/product"}],"replies":[{"embeddable":true,"href":"https:\/\/nuckostyle.ee\/en\/wp-json\/wp\/v2\/comments?post=1028"}],"wp:featuredmedia":[{"embeddable":true,"href":"https:\/\/nuckostyle.ee\/en\/wp-json\/wp\/v2\/media\/1031"}],"wp:attachment":[{"href":"https:\/\/nuckostyle.ee\/en\/wp-json\/wp\/v2\/media?parent=1028"}],"wp:term":[{"taxonomy":"product_brand","embeddable":true,"href":"https:\/\/nuckostyle.ee\/en\/wp-json\/wp\/v2\/product_brand?post=1028"},{"taxonomy":"product_cat","embeddable":true,"href":"https:\/\/nuckostyle.ee\/en\/wp-json\/wp\/v2\/product_cat?post=1028"},{"taxonomy":"product_tag","embeddable":true,"href":"https:\/\/nuckostyle.ee\/en\/wp-json\/wp\/v2\/product_tag?post=1028"}],"curies":[{"name":"wp","href":"https:\/\/api.w.org\/{rel}","templated":true}]}}