{"id":1059,"date":"2023-09-21T14:08:52","date_gmt":"2023-09-21T11:08:52","guid":{"rendered":"https:\/\/nuckostyle.ee\/?post_type=product&#038;p=1059"},"modified":"2025-10-19T19:05:24","modified_gmt":"2025-10-19T16:05:24","slug":"muts-kootud","status":"publish","type":"product","link":"https:\/\/nuckostyle.ee\/en\/toode\/muts-kootud\/","title":{"rendered":"Kootud m\u00fcts"},"content":{"rendered":"<p>\u00c4ra k\u00fclmeta.<\/p>\n<p>Vali endale stiilne kootud m\u00fcts.<\/p>\n<p>Saadaval mitmes eri v\u00e4rvitoonis.<\/p>\n<p>Soovi korral saad peale lasta teha tikandi.<\/p>\n<p>52% pol\u00fcester, 47% pol\u00fcakr\u00fc\u00fcl, 1% elastaan.<\/p>\n<p>Sisaldab v\u00e4hemalt 50% ringlussev\u00f5etud pol\u00fcestrit, mis koosneb umbes 1,5 tarbimisj\u00e4rgsest pudelist.<\/p>\n<p>\u00dchekordne sooniline kootud kangas.<\/p>\n<p>&nbsp;<\/p>\n<p>Hooldus: k\u00e4sipesu.<\/p>\n","protected":false},"excerpt":{"rendered":"<p>\u00c4ra k\u00fclmeta.<\/p>\n<p>Vali endale stiilne kootud m\u00fcts.<\/p>\n<p>Saadaval mitmes eri v\u00e4rvitoonis.<\/p>\n<p>Soovi korral saad peale lasta teha tikandi.<\/p>\n<p><strong>Suuremahulistele tellimustele erihind. Saada kiri <a href=\"mailto:tervemnoarootsi@gmail.com\">tervemnoarootsi@gmail.com<\/a>.<\/strong><\/p>\n<p>&nbsp;<\/p>\n","protected":false},"featured_media":1067,"comment_status":"closed","ping_status":"closed","template":"","meta":[],"product_brand":[],"product_cat":[46],"product_tag":[88],"class_list":{"0":"post-1059","1":"product","2":"type-product","3":"status-publish","4":"has-post-thumbnail","6":"product_cat-mutsid","7":"product_tag-talv","9":"first","10":"instock","11":"shipping-taxable","12":"purchasable","13":"product-type-variable"},"yoast_head":"<!-- This site is optimized with the Yoast SEO plugin v25.1 - https:\/\/yoast.com\/wordpress\/plugins\/seo\/ -->\n<title>Kootud m\u00fcts - Nuckostyle - Noarootsi k\u00e4sit\u00f6\u00f6<\/title>\n<meta name=\"description\" content=\"\u00c4ra k\u00fclmeta ja hoia ennast talvel soojas. Vali endale stiilne kootud m\u00fcts. Saadaval mitmes eri v\u00e4rvitoonis. M\u00fctsi leiad meie e-poest.\" \/>\n<meta name=\"robots\" content=\"index, follow, max-snippet:-1, max-image-preview:large, max-video-preview:-1\" \/>\n<link rel=\"canonical\" href=\"https:\/\/nuckostyle.ee\/en\/toode\/muts-kootud\/\" \/>\n<meta property=\"og:locale\" content=\"en_US\" \/>\n<meta property=\"og:type\" content=\"article\" \/>\n<meta property=\"og:title\" content=\"Kootud m\u00fcts - Nuckostyle - Noarootsi k\u00e4sit\u00f6\u00f6\" \/>\n<meta property=\"og:description\" content=\"\u00c4ra k\u00fclmeta ja hoia ennast talvel soojas. Vali endale stiilne kootud m\u00fcts. Saadaval mitmes eri v\u00e4rvitoonis. M\u00fctsi leiad meie e-poest.\" \/>\n<meta property=\"og:url\" content=\"https:\/\/nuckostyle.ee\/en\/toode\/muts-kootud\/\" \/>\n<meta property=\"og:site_name\" content=\"Nuckostyle - Noarootsi k\u00e4sit\u00f6\u00f6\" \/>\n<meta property=\"article:publisher\" content=\"https:\/\/www.facebook.com\/noarootsikasitookoda\" \/>\n<meta property=\"article:modified_time\" content=\"2025-10-19T16:05:24+00:00\" \/>\n<meta property=\"og:image\" content=\"http:\/\/nuckostyle.ee\/wp-content\/uploads\/2023\/09\/Muts-mees.jpeg\" \/>\n\t<meta property=\"og:image:width\" content=\"1024\" \/>\n\t<meta property=\"og:image:height\" content=\"1304\" \/>\n\t<meta property=\"og:image:type\" content=\"image\/jpeg\" \/>\n<meta name=\"twitter:card\" content=\"summary_large_image\" \/>\n<meta name=\"twitter:label1\" content=\"Est. reading time\" \/>\n\t<meta name=\"twitter:data1\" content=\"1 minute\" \/>\n<script type=\"application\/ld+json\" class=\"yoast-schema-graph\">{\"@context\":\"https:\/\/schema.org\",\"@graph\":[{\"@type\":\"WebPage\",\"@id\":\"https:\/\/nuckostyle.ee\/en\/toode\/muts-kootud\/\",\"url\":\"https:\/\/nuckostyle.ee\/en\/toode\/muts-kootud\/\",\"name\":\"Kootud m\u00fcts - Nuckostyle - Noarootsi k\u00e4sit\u00f6\u00f6\",\"isPartOf\":{\"@id\":\"https:\/\/nuckostyle.ee\/en\/#website\"},\"primaryImageOfPage\":{\"@id\":\"https:\/\/nuckostyle.ee\/en\/toode\/muts-kootud\/#primaryimage\"},\"image\":{\"@id\":\"https:\/\/nuckostyle.ee\/en\/toode\/muts-kootud\/#primaryimage\"},\"thumbnailUrl\":\"https:\/\/nuckostyle.ee\/wp-content\/uploads\/2023\/09\/Muts-mees.jpeg\",\"datePublished\":\"2023-09-21T11:08:52+00:00\",\"dateModified\":\"2025-10-19T16:05:24+00:00\",\"description\":\"\u00c4ra k\u00fclmeta ja hoia ennast talvel soojas. Vali endale stiilne kootud m\u00fcts. Saadaval mitmes eri v\u00e4rvitoonis. M\u00fctsi leiad meie e-poest.\",\"breadcrumb\":{\"@id\":\"https:\/\/nuckostyle.ee\/en\/toode\/muts-kootud\/#breadcrumb\"},\"inLanguage\":\"en-US\",\"potentialAction\":[{\"@type\":\"ReadAction\",\"target\":[\"https:\/\/nuckostyle.ee\/en\/toode\/muts-kootud\/\"]}]},{\"@type\":\"ImageObject\",\"inLanguage\":\"en-US\",\"@id\":\"https:\/\/nuckostyle.ee\/en\/toode\/muts-kootud\/#primaryimage\",\"url\":\"https:\/\/nuckostyle.ee\/wp-content\/uploads\/2023\/09\/Muts-mees.jpeg\",\"contentUrl\":\"https:\/\/nuckostyle.ee\/wp-content\/uploads\/2023\/09\/Muts-mees.jpeg\",\"width\":1024,\"height\":1304},{\"@type\":\"BreadcrumbList\",\"@id\":\"https:\/\/nuckostyle.ee\/en\/toode\/muts-kootud\/#breadcrumb\",\"itemListElement\":[{\"@type\":\"ListItem\",\"position\":1,\"name\":\"Home\",\"item\":\"https:\/\/nuckostyle.ee\/en\/\"},{\"@type\":\"ListItem\",\"position\":2,\"name\":\"Nuck\u00f6style pood\",\"item\":\"https:\/\/nuckostyle.ee\/pood\/\"},{\"@type\":\"ListItem\",\"position\":3,\"name\":\"Kootud m\u00fcts\"}]},{\"@type\":\"WebSite\",\"@id\":\"https:\/\/nuckostyle.ee\/en\/#website\",\"url\":\"https:\/\/nuckostyle.ee\/en\/\",\"name\":\"Nuck\u00f6style - Noarootsi k\u00e4sit\u00f6\u00f6\",\"description\":\"Noarootsi k\u00e4sit\u00f6\u00f6\",\"publisher\":{\"@id\":\"https:\/\/nuckostyle.ee\/en\/#organization\"},\"alternateName\":\"Noarootsi k\u00e4sit\u00f6\u00f6\",\"potentialAction\":[{\"@type\":\"SearchAction\",\"target\":{\"@type\":\"EntryPoint\",\"urlTemplate\":\"https:\/\/nuckostyle.ee\/en\/?s={search_term_string}\"},\"query-input\":{\"@type\":\"PropertyValueSpecification\",\"valueRequired\":true,\"valueName\":\"search_term_string\"}}],\"inLanguage\":\"en-US\"},{\"@type\":\"Organization\",\"@id\":\"https:\/\/nuckostyle.ee\/en\/#organization\",\"name\":\"Nuck\u00f6style - Noarootsi k\u00e4sit\u00f6\u00f6\",\"alternateName\":\"Noarootsi k\u00e4sit\u00f6\u00f6\",\"url\":\"https:\/\/nuckostyle.ee\/en\/\",\"logo\":{\"@type\":\"ImageObject\",\"inLanguage\":\"en-US\",\"@id\":\"https:\/\/nuckostyle.ee\/en\/#\/schema\/logo\/image\/\",\"url\":\"https:\/\/nuckostyle.ee\/wp-content\/uploads\/2023\/09\/Favicon.png\",\"contentUrl\":\"https:\/\/nuckostyle.ee\/wp-content\/uploads\/2023\/09\/Favicon.png\",\"width\":300,\"height\":300,\"caption\":\"Nuck\u00f6style - Noarootsi k\u00e4sit\u00f6\u00f6\"},\"image\":{\"@id\":\"https:\/\/nuckostyle.ee\/en\/#\/schema\/logo\/image\/\"},\"sameAs\":[\"https:\/\/www.facebook.com\/noarootsikasitookoda\",\"https:\/\/www.facebook.com\/tervemnoarootsi\"]}]}<\/script>\n<!-- \/ Yoast SEO plugin. -->","yoast_head_json":{"title":"Kootud m\u00fcts - Nuckostyle - Noarootsi k\u00e4sit\u00f6\u00f6","description":"\u00c4ra k\u00fclmeta ja hoia ennast talvel soojas. Vali endale stiilne kootud m\u00fcts. Saadaval mitmes eri v\u00e4rvitoonis. M\u00fctsi leiad meie e-poest.","robots":{"index":"index","follow":"follow","max-snippet":"max-snippet:-1","max-image-preview":"max-image-preview:large","max-video-preview":"max-video-preview:-1"},"canonical":"https:\/\/nuckostyle.ee\/en\/toode\/muts-kootud\/","og_locale":"en_US","og_type":"article","og_title":"Kootud m\u00fcts - Nuckostyle - Noarootsi k\u00e4sit\u00f6\u00f6","og_description":"\u00c4ra k\u00fclmeta ja hoia ennast talvel soojas. Vali endale stiilne kootud m\u00fcts. Saadaval mitmes eri v\u00e4rvitoonis. M\u00fctsi leiad meie e-poest.","og_url":"https:\/\/nuckostyle.ee\/en\/toode\/muts-kootud\/","og_site_name":"Nuckostyle - Noarootsi k\u00e4sit\u00f6\u00f6","article_publisher":"https:\/\/www.facebook.com\/noarootsikasitookoda","article_modified_time":"2025-10-19T16:05:24+00:00","og_image":[{"width":1024,"height":1304,"url":"http:\/\/nuckostyle.ee\/wp-content\/uploads\/2023\/09\/Muts-mees.jpeg","type":"image\/jpeg"}],"twitter_card":"summary_large_image","twitter_misc":{"Est. reading time":"1 minute"},"schema":{"@context":"https:\/\/schema.org","@graph":[{"@type":"WebPage","@id":"https:\/\/nuckostyle.ee\/en\/toode\/muts-kootud\/","url":"https:\/\/nuckostyle.ee\/en\/toode\/muts-kootud\/","name":"Kootud m\u00fcts - Nuckostyle - Noarootsi k\u00e4sit\u00f6\u00f6","isPartOf":{"@id":"https:\/\/nuckostyle.ee\/en\/#website"},"primaryImageOfPage":{"@id":"https:\/\/nuckostyle.ee\/en\/toode\/muts-kootud\/#primaryimage"},"image":{"@id":"https:\/\/nuckostyle.ee\/en\/toode\/muts-kootud\/#primaryimage"},"thumbnailUrl":"https:\/\/nuckostyle.ee\/wp-content\/uploads\/2023\/09\/Muts-mees.jpeg","datePublished":"2023-09-21T11:08:52+00:00","dateModified":"2025-10-19T16:05:24+00:00","description":"\u00c4ra k\u00fclmeta ja hoia ennast talvel soojas. Vali endale stiilne kootud m\u00fcts. Saadaval mitmes eri v\u00e4rvitoonis. M\u00fctsi leiad meie e-poest.","breadcrumb":{"@id":"https:\/\/nuckostyle.ee\/en\/toode\/muts-kootud\/#breadcrumb"},"inLanguage":"en-US","potentialAction":[{"@type":"ReadAction","target":["https:\/\/nuckostyle.ee\/en\/toode\/muts-kootud\/"]}]},{"@type":"ImageObject","inLanguage":"en-US","@id":"https:\/\/nuckostyle.ee\/en\/toode\/muts-kootud\/#primaryimage","url":"https:\/\/nuckostyle.ee\/wp-content\/uploads\/2023\/09\/Muts-mees.jpeg","contentUrl":"https:\/\/nuckostyle.ee\/wp-content\/uploads\/2023\/09\/Muts-mees.jpeg","width":1024,"height":1304},{"@type":"BreadcrumbList","@id":"https:\/\/nuckostyle.ee\/en\/toode\/muts-kootud\/#breadcrumb","itemListElement":[{"@type":"ListItem","position":1,"name":"Home","item":"https:\/\/nuckostyle.ee\/en\/"},{"@type":"ListItem","position":2,"name":"Nuck\u00f6style pood","item":"https:\/\/nuckostyle.ee\/pood\/"},{"@type":"ListItem","position":3,"name":"Kootud m\u00fcts"}]},{"@type":"WebSite","@id":"https:\/\/nuckostyle.ee\/en\/#website","url":"https:\/\/nuckostyle.ee\/en\/","name":"Nuck\u00f6style - Noarootsi k\u00e4sit\u00f6\u00f6","description":"Noarootsi k\u00e4sit\u00f6\u00f6","publisher":{"@id":"https:\/\/nuckostyle.ee\/en\/#organization"},"alternateName":"Noarootsi k\u00e4sit\u00f6\u00f6","potentialAction":[{"@type":"SearchAction","target":{"@type":"EntryPoint","urlTemplate":"https:\/\/nuckostyle.ee\/en\/?s={search_term_string}"},"query-input":{"@type":"PropertyValueSpecification","valueRequired":true,"valueName":"search_term_string"}}],"inLanguage":"en-US"},{"@type":"Organization","@id":"https:\/\/nuckostyle.ee\/en\/#organization","name":"Nuck\u00f6style - Noarootsi k\u00e4sit\u00f6\u00f6","alternateName":"Noarootsi k\u00e4sit\u00f6\u00f6","url":"https:\/\/nuckostyle.ee\/en\/","logo":{"@type":"ImageObject","inLanguage":"en-US","@id":"https:\/\/nuckostyle.ee\/en\/#\/schema\/logo\/image\/","url":"https:\/\/nuckostyle.ee\/wp-content\/uploads\/2023\/09\/Favicon.png","contentUrl":"https:\/\/nuckostyle.ee\/wp-content\/uploads\/2023\/09\/Favicon.png","width":300,"height":300,"caption":"Nuck\u00f6style - Noarootsi k\u00e4sit\u00f6\u00f6"},"image":{"@id":"https:\/\/nuckostyle.ee\/en\/#\/schema\/logo\/image\/"},"sameAs":["https:\/\/www.facebook.com\/noarootsikasitookoda","https:\/\/www.facebook.com\/tervemnoarootsi"]}]}},"_links":{"self":[{"href":"https:\/\/nuckostyle.ee\/en\/wp-json\/wp\/v2\/product\/1059","targetHints":{"allow":["GET"]}}],"collection":[{"href":"https:\/\/nuckostyle.ee\/en\/wp-json\/wp\/v2\/product"}],"about":[{"href":"https:\/\/nuckostyle.ee\/en\/wp-json\/wp\/v2\/types\/product"}],"replies":[{"embeddable":true,"href":"https:\/\/nuckostyle.ee\/en\/wp-json\/wp\/v2\/comments?post=1059"}],"wp:featuredmedia":[{"embeddable":true,"href":"https:\/\/nuckostyle.ee\/en\/wp-json\/wp\/v2\/media\/1067"}],"wp:attachment":[{"href":"https:\/\/nuckostyle.ee\/en\/wp-json\/wp\/v2\/media?parent=1059"}],"wp:term":[{"taxonomy":"product_brand","embeddable":true,"href":"https:\/\/nuckostyle.ee\/en\/wp-json\/wp\/v2\/product_brand?post=1059"},{"taxonomy":"product_cat","embeddable":true,"href":"https:\/\/nuckostyle.ee\/en\/wp-json\/wp\/v2\/product_cat?post=1059"},{"taxonomy":"product_tag","embeddable":true,"href":"https:\/\/nuckostyle.ee\/en\/wp-json\/wp\/v2\/product_tag?post=1059"}],"curies":[{"name":"wp","href":"https:\/\/api.w.org\/{rel}","templated":true}]}}