{"id":1081,"date":"2023-09-21T14:36:19","date_gmt":"2023-09-21T11:36:19","guid":{"rendered":"https:\/\/nuckostyle.ee\/?post_type=product&#038;p=1081"},"modified":"2023-10-02T16:21:34","modified_gmt":"2023-10-02T13:21:34","slug":"pusa-kapuutsiga","status":"publish","type":"product","link":"https:\/\/nuckostyle.ee\/en\/toode\/pusa-kapuutsiga\/","title":{"rendered":"Kapuutsiga pusa"},"content":{"rendered":"<p>Sobib k\u00f5igile.<\/p>\n<p>280 g\/m\u00b2.<\/p>\n<p>80% puuvill (s\u00e4\u00e4stvam), eelnevalt kokkutr\u00fckitud, ringkeermestatud ja kammitud; 20% pol\u00fcester.<\/p>\n<p>Kangaroo taskuga.<\/p>\n<p>K\u00fclje\u00f5mblused.<\/p>\n<p>&#8220;Regular fit&#8221;.<\/p>\n","protected":false},"excerpt":{"rendered":"<p>Sobib k\u00f5igile.<\/p>\n<p>Ees k\u00e4ngurutasku.<\/p>\n<p>Lisa peale oma nimega tikand.<\/p>\n<p><strong>Suuremahulistele tellimustele erihind. Saada kiri <a href=\"mailto:tervemnoarootsi@gmail.com\">tervemnoarootsi@gmail.com<\/a>.<\/strong><\/p>\n","protected":false},"featured_media":1092,"comment_status":"closed","ping_status":"closed","template":"","meta":[],"product_brand":[],"product_cat":[55],"product_tag":[114],"class_list":{"0":"post-1081","1":"product","2":"type-product","3":"status-publish","4":"has-post-thumbnail","6":"product_cat-pusad","7":"product_tag-vabaaeg","9":"first","10":"instock","11":"shipping-taxable","12":"purchasable","13":"product-type-variable"},"yoast_head":"<!-- This site is optimized with the Yoast SEO plugin v25.1 - https:\/\/yoast.com\/wordpress\/plugins\/seo\/ -->\n<title>Kapuutsiga pusa - Nuckostyle - Noarootsi k\u00e4sit\u00f6\u00f6<\/title>\n<meta name=\"description\" content=\"Kapuutsiga pusa. Sobib k\u00f5igile. Lisa peale oma nimega tikand. Saadaval 21 erinevat v\u00e4rvitooni.\" \/>\n<meta name=\"robots\" content=\"index, follow, max-snippet:-1, max-image-preview:large, max-video-preview:-1\" \/>\n<link rel=\"canonical\" href=\"https:\/\/nuckostyle.ee\/en\/toode\/pusa-kapuutsiga\/\" \/>\n<meta property=\"og:locale\" content=\"en_US\" \/>\n<meta property=\"og:type\" content=\"article\" \/>\n<meta property=\"og:title\" content=\"Kapuutsiga pusa - Nuckostyle - Noarootsi k\u00e4sit\u00f6\u00f6\" \/>\n<meta property=\"og:description\" content=\"Kapuutsiga pusa. Sobib k\u00f5igile. Lisa peale oma nimega tikand. Saadaval 21 erinevat v\u00e4rvitooni.\" \/>\n<meta property=\"og:url\" content=\"https:\/\/nuckostyle.ee\/en\/toode\/pusa-kapuutsiga\/\" \/>\n<meta property=\"og:site_name\" content=\"Nuckostyle - Noarootsi k\u00e4sit\u00f6\u00f6\" \/>\n<meta property=\"article:publisher\" content=\"https:\/\/www.facebook.com\/noarootsikasitookoda\" \/>\n<meta property=\"article:modified_time\" content=\"2023-10-02T13:21:34+00:00\" \/>\n<meta property=\"og:image\" content=\"https:\/\/nuckostyle.ee\/wp-content\/uploads\/2023\/09\/Pusa-kapuutsiga-Oranz.jpeg\" \/>\n\t<meta property=\"og:image:width\" content=\"1024\" \/>\n\t<meta property=\"og:image:height\" content=\"1304\" \/>\n\t<meta property=\"og:image:type\" content=\"image\/jpeg\" \/>\n<meta name=\"twitter:card\" content=\"summary_large_image\" \/>\n<meta name=\"twitter:label1\" content=\"Est. reading time\" \/>\n\t<meta name=\"twitter:data1\" content=\"1 minute\" \/>\n<script type=\"application\/ld+json\" class=\"yoast-schema-graph\">{\"@context\":\"https:\/\/schema.org\",\"@graph\":[{\"@type\":\"WebPage\",\"@id\":\"https:\/\/nuckostyle.ee\/en\/toode\/pusa-kapuutsiga\/\",\"url\":\"https:\/\/nuckostyle.ee\/en\/toode\/pusa-kapuutsiga\/\",\"name\":\"Kapuutsiga pusa - Nuckostyle - Noarootsi k\u00e4sit\u00f6\u00f6\",\"isPartOf\":{\"@id\":\"https:\/\/nuckostyle.ee\/en\/#website\"},\"primaryImageOfPage\":{\"@id\":\"https:\/\/nuckostyle.ee\/en\/toode\/pusa-kapuutsiga\/#primaryimage\"},\"image\":{\"@id\":\"https:\/\/nuckostyle.ee\/en\/toode\/pusa-kapuutsiga\/#primaryimage\"},\"thumbnailUrl\":\"https:\/\/nuckostyle.ee\/wp-content\/uploads\/2023\/09\/Pusa-kapuutsiga-Oranz.jpeg\",\"datePublished\":\"2023-09-21T11:36:19+00:00\",\"dateModified\":\"2023-10-02T13:21:34+00:00\",\"description\":\"Kapuutsiga pusa. Sobib k\u00f5igile. Lisa peale oma nimega tikand. Saadaval 21 erinevat v\u00e4rvitooni.\",\"breadcrumb\":{\"@id\":\"https:\/\/nuckostyle.ee\/en\/toode\/pusa-kapuutsiga\/#breadcrumb\"},\"inLanguage\":\"en-US\",\"potentialAction\":[{\"@type\":\"ReadAction\",\"target\":[\"https:\/\/nuckostyle.ee\/en\/toode\/pusa-kapuutsiga\/\"]}]},{\"@type\":\"ImageObject\",\"inLanguage\":\"en-US\",\"@id\":\"https:\/\/nuckostyle.ee\/en\/toode\/pusa-kapuutsiga\/#primaryimage\",\"url\":\"https:\/\/nuckostyle.ee\/wp-content\/uploads\/2023\/09\/Pusa-kapuutsiga-Oranz.jpeg\",\"contentUrl\":\"https:\/\/nuckostyle.ee\/wp-content\/uploads\/2023\/09\/Pusa-kapuutsiga-Oranz.jpeg\",\"width\":1024,\"height\":1304},{\"@type\":\"BreadcrumbList\",\"@id\":\"https:\/\/nuckostyle.ee\/en\/toode\/pusa-kapuutsiga\/#breadcrumb\",\"itemListElement\":[{\"@type\":\"ListItem\",\"position\":1,\"name\":\"Home\",\"item\":\"https:\/\/nuckostyle.ee\/en\/\"},{\"@type\":\"ListItem\",\"position\":2,\"name\":\"Nuck\u00f6style pood\",\"item\":\"https:\/\/nuckostyle.ee\/pood\/\"},{\"@type\":\"ListItem\",\"position\":3,\"name\":\"Kapuutsiga pusa\"}]},{\"@type\":\"WebSite\",\"@id\":\"https:\/\/nuckostyle.ee\/en\/#website\",\"url\":\"https:\/\/nuckostyle.ee\/en\/\",\"name\":\"Nuck\u00f6style - Noarootsi k\u00e4sit\u00f6\u00f6\",\"description\":\"Noarootsi k\u00e4sit\u00f6\u00f6\",\"publisher\":{\"@id\":\"https:\/\/nuckostyle.ee\/en\/#organization\"},\"alternateName\":\"Noarootsi k\u00e4sit\u00f6\u00f6\",\"potentialAction\":[{\"@type\":\"SearchAction\",\"target\":{\"@type\":\"EntryPoint\",\"urlTemplate\":\"https:\/\/nuckostyle.ee\/en\/?s={search_term_string}\"},\"query-input\":{\"@type\":\"PropertyValueSpecification\",\"valueRequired\":true,\"valueName\":\"search_term_string\"}}],\"inLanguage\":\"en-US\"},{\"@type\":\"Organization\",\"@id\":\"https:\/\/nuckostyle.ee\/en\/#organization\",\"name\":\"Nuck\u00f6style - Noarootsi k\u00e4sit\u00f6\u00f6\",\"alternateName\":\"Noarootsi k\u00e4sit\u00f6\u00f6\",\"url\":\"https:\/\/nuckostyle.ee\/en\/\",\"logo\":{\"@type\":\"ImageObject\",\"inLanguage\":\"en-US\",\"@id\":\"https:\/\/nuckostyle.ee\/en\/#\/schema\/logo\/image\/\",\"url\":\"https:\/\/nuckostyle.ee\/wp-content\/uploads\/2023\/09\/Favicon.png\",\"contentUrl\":\"https:\/\/nuckostyle.ee\/wp-content\/uploads\/2023\/09\/Favicon.png\",\"width\":300,\"height\":300,\"caption\":\"Nuck\u00f6style - Noarootsi k\u00e4sit\u00f6\u00f6\"},\"image\":{\"@id\":\"https:\/\/nuckostyle.ee\/en\/#\/schema\/logo\/image\/\"},\"sameAs\":[\"https:\/\/www.facebook.com\/noarootsikasitookoda\",\"https:\/\/www.facebook.com\/tervemnoarootsi\"]}]}<\/script>\n<!-- \/ Yoast SEO plugin. -->","yoast_head_json":{"title":"Kapuutsiga pusa - Nuckostyle - Noarootsi k\u00e4sit\u00f6\u00f6","description":"Kapuutsiga pusa. Sobib k\u00f5igile. Lisa peale oma nimega tikand. Saadaval 21 erinevat v\u00e4rvitooni.","robots":{"index":"index","follow":"follow","max-snippet":"max-snippet:-1","max-image-preview":"max-image-preview:large","max-video-preview":"max-video-preview:-1"},"canonical":"https:\/\/nuckostyle.ee\/en\/toode\/pusa-kapuutsiga\/","og_locale":"en_US","og_type":"article","og_title":"Kapuutsiga pusa - Nuckostyle - Noarootsi k\u00e4sit\u00f6\u00f6","og_description":"Kapuutsiga pusa. Sobib k\u00f5igile. Lisa peale oma nimega tikand. Saadaval 21 erinevat v\u00e4rvitooni.","og_url":"https:\/\/nuckostyle.ee\/en\/toode\/pusa-kapuutsiga\/","og_site_name":"Nuckostyle - Noarootsi k\u00e4sit\u00f6\u00f6","article_publisher":"https:\/\/www.facebook.com\/noarootsikasitookoda","article_modified_time":"2023-10-02T13:21:34+00:00","og_image":[{"width":1024,"height":1304,"url":"https:\/\/nuckostyle.ee\/wp-content\/uploads\/2023\/09\/Pusa-kapuutsiga-Oranz.jpeg","type":"image\/jpeg"}],"twitter_card":"summary_large_image","twitter_misc":{"Est. reading time":"1 minute"},"schema":{"@context":"https:\/\/schema.org","@graph":[{"@type":"WebPage","@id":"https:\/\/nuckostyle.ee\/en\/toode\/pusa-kapuutsiga\/","url":"https:\/\/nuckostyle.ee\/en\/toode\/pusa-kapuutsiga\/","name":"Kapuutsiga pusa - Nuckostyle - Noarootsi k\u00e4sit\u00f6\u00f6","isPartOf":{"@id":"https:\/\/nuckostyle.ee\/en\/#website"},"primaryImageOfPage":{"@id":"https:\/\/nuckostyle.ee\/en\/toode\/pusa-kapuutsiga\/#primaryimage"},"image":{"@id":"https:\/\/nuckostyle.ee\/en\/toode\/pusa-kapuutsiga\/#primaryimage"},"thumbnailUrl":"https:\/\/nuckostyle.ee\/wp-content\/uploads\/2023\/09\/Pusa-kapuutsiga-Oranz.jpeg","datePublished":"2023-09-21T11:36:19+00:00","dateModified":"2023-10-02T13:21:34+00:00","description":"Kapuutsiga pusa. Sobib k\u00f5igile. Lisa peale oma nimega tikand. Saadaval 21 erinevat v\u00e4rvitooni.","breadcrumb":{"@id":"https:\/\/nuckostyle.ee\/en\/toode\/pusa-kapuutsiga\/#breadcrumb"},"inLanguage":"en-US","potentialAction":[{"@type":"ReadAction","target":["https:\/\/nuckostyle.ee\/en\/toode\/pusa-kapuutsiga\/"]}]},{"@type":"ImageObject","inLanguage":"en-US","@id":"https:\/\/nuckostyle.ee\/en\/toode\/pusa-kapuutsiga\/#primaryimage","url":"https:\/\/nuckostyle.ee\/wp-content\/uploads\/2023\/09\/Pusa-kapuutsiga-Oranz.jpeg","contentUrl":"https:\/\/nuckostyle.ee\/wp-content\/uploads\/2023\/09\/Pusa-kapuutsiga-Oranz.jpeg","width":1024,"height":1304},{"@type":"BreadcrumbList","@id":"https:\/\/nuckostyle.ee\/en\/toode\/pusa-kapuutsiga\/#breadcrumb","itemListElement":[{"@type":"ListItem","position":1,"name":"Home","item":"https:\/\/nuckostyle.ee\/en\/"},{"@type":"ListItem","position":2,"name":"Nuck\u00f6style pood","item":"https:\/\/nuckostyle.ee\/pood\/"},{"@type":"ListItem","position":3,"name":"Kapuutsiga pusa"}]},{"@type":"WebSite","@id":"https:\/\/nuckostyle.ee\/en\/#website","url":"https:\/\/nuckostyle.ee\/en\/","name":"Nuck\u00f6style - Noarootsi k\u00e4sit\u00f6\u00f6","description":"Noarootsi k\u00e4sit\u00f6\u00f6","publisher":{"@id":"https:\/\/nuckostyle.ee\/en\/#organization"},"alternateName":"Noarootsi k\u00e4sit\u00f6\u00f6","potentialAction":[{"@type":"SearchAction","target":{"@type":"EntryPoint","urlTemplate":"https:\/\/nuckostyle.ee\/en\/?s={search_term_string}"},"query-input":{"@type":"PropertyValueSpecification","valueRequired":true,"valueName":"search_term_string"}}],"inLanguage":"en-US"},{"@type":"Organization","@id":"https:\/\/nuckostyle.ee\/en\/#organization","name":"Nuck\u00f6style - Noarootsi k\u00e4sit\u00f6\u00f6","alternateName":"Noarootsi k\u00e4sit\u00f6\u00f6","url":"https:\/\/nuckostyle.ee\/en\/","logo":{"@type":"ImageObject","inLanguage":"en-US","@id":"https:\/\/nuckostyle.ee\/en\/#\/schema\/logo\/image\/","url":"https:\/\/nuckostyle.ee\/wp-content\/uploads\/2023\/09\/Favicon.png","contentUrl":"https:\/\/nuckostyle.ee\/wp-content\/uploads\/2023\/09\/Favicon.png","width":300,"height":300,"caption":"Nuck\u00f6style - Noarootsi k\u00e4sit\u00f6\u00f6"},"image":{"@id":"https:\/\/nuckostyle.ee\/en\/#\/schema\/logo\/image\/"},"sameAs":["https:\/\/www.facebook.com\/noarootsikasitookoda","https:\/\/www.facebook.com\/tervemnoarootsi"]}]}},"_links":{"self":[{"href":"https:\/\/nuckostyle.ee\/en\/wp-json\/wp\/v2\/product\/1081","targetHints":{"allow":["GET"]}}],"collection":[{"href":"https:\/\/nuckostyle.ee\/en\/wp-json\/wp\/v2\/product"}],"about":[{"href":"https:\/\/nuckostyle.ee\/en\/wp-json\/wp\/v2\/types\/product"}],"replies":[{"embeddable":true,"href":"https:\/\/nuckostyle.ee\/en\/wp-json\/wp\/v2\/comments?post=1081"}],"wp:featuredmedia":[{"embeddable":true,"href":"https:\/\/nuckostyle.ee\/en\/wp-json\/wp\/v2\/media\/1092"}],"wp:attachment":[{"href":"https:\/\/nuckostyle.ee\/en\/wp-json\/wp\/v2\/media?parent=1081"}],"wp:term":[{"taxonomy":"product_brand","embeddable":true,"href":"https:\/\/nuckostyle.ee\/en\/wp-json\/wp\/v2\/product_brand?post=1081"},{"taxonomy":"product_cat","embeddable":true,"href":"https:\/\/nuckostyle.ee\/en\/wp-json\/wp\/v2\/product_cat?post=1081"},{"taxonomy":"product_tag","embeddable":true,"href":"https:\/\/nuckostyle.ee\/en\/wp-json\/wp\/v2\/product_tag?post=1081"}],"curies":[{"name":"wp","href":"https:\/\/api.w.org\/{rel}","templated":true}]}}