{"id":1784,"date":"2023-09-28T17:17:36","date_gmt":"2023-09-28T14:17:36","guid":{"rendered":"https:\/\/nuckostyle.ee\/?post_type=product&#038;p=1784"},"modified":"2025-10-19T18:56:52","modified_gmt":"2025-10-19T15:56:52","slug":"froteest-poncho-varrukatega","status":"publish","type":"product","link":"https:\/\/nuckostyle.ee\/en\/toode\/froteest-poncho-varrukatega\/","title":{"rendered":"Varrukatega froteepont\u0161o"},"content":{"rendered":"<p>Hoia keha stiilselt soojas. Froteest pont\u0161o sobib ideaalselt randa kaasahaaramiseks v\u00f5i m\u00f5nusaks kosutuseks k\u00fclmal talve\u00f5htul.<\/p>\n<p>Ideaalne kaaslane sauna\u00f5htul v\u00f5i hetkedel, kui keha tahab seda m\u00f5nusat pehmet soojust.<\/p>\n<p><strong>Suurus S-XXL<\/strong> &#8211; 118 cm pikk, 145 cm lai.<\/p>\n<p><strong>Suurus XXXL<\/strong> &#8211; 118 cm pikk, 180 cm lai<\/p>\n<p>&nbsp;<\/p>\n<p><em>NB! Kanga toon arvutiekraanil v\u00f5ib veidi erineda tegelikkusest!<\/em><\/p>\n<p>&nbsp;<\/p>\n<p>Frotee: 340 g\/m<sup>2 <\/sup><\/p>\n<p>90% CO, 10% PE.<\/p>\n<p>&nbsp;<\/p>\n<p><strong>Valmistatud Eestis<\/strong><\/p>\n<p>Hooldus:<\/p>\n<ul>\n<li>masinpesu kuni 30 \u00b0C<\/li>\n<li>valgendamine keelatud<\/li>\n<li>triikimine madalal temperatuuril \u2013 <em>siit L puudu<\/em><\/li>\n<li>trummelkuivatus keelatud<\/li>\n<li>keemiline puhastus lubatud<\/li>\n<\/ul>\n<p><img decoding=\"async\" class=\"alignnone wp-image-982\" src=\"http:\/\/nuckostyle.ee\/wp-content\/uploads\/2023\/07\/Oeko-Tex-standard-300x155.jpg\" alt=\"\" width=\"128\" height=\"66\" srcset=\"https:\/\/nuckostyle.ee\/wp-content\/uploads\/2023\/07\/Oeko-Tex-standard-300x155.jpg 300w, https:\/\/nuckostyle.ee\/wp-content\/uploads\/2023\/07\/Oeko-Tex-standard.jpg 388w\" sizes=\"(max-width: 128px) 100vw, 128px\" \/><\/p>\n","protected":false},"excerpt":{"rendered":"<p>Hoia keha stiilselt soojas. Froteest pont\u0161o sobib ideaalselt randa kaasahaaramiseks v\u00f5i m\u00f5nusaks kosutuseks k\u00fclmal talve\u00f5htul.<\/p>\n<p>Ideaalne kaaslane sauna\u00f5htul v\u00f5i hetkedel, kui keha tahab seda m\u00f5nusat pehmet soojust.<\/p>\n<p>Toode on sobib k\u00f5igile.<\/p>\n<p>Tikand taskul kuulub hinna sisse. Anna meili peal teada millist teksti v\u00f5i pilti soovid.<\/p>\n<p><strong>Suuremahulistele tellimustele erihind. Saada kiri <a href=\"mailto:tervemnoarootsi@gmail.com\">tervemnoarootsi@gmail.com<\/a>.<\/strong><\/p>\n","protected":false},"featured_media":1985,"comment_status":"closed","ping_status":"closed","template":"","meta":[],"product_brand":[],"product_cat":[20],"product_tag":[88,114],"class_list":{"0":"post-1784","1":"product","2":"type-product","3":"status-publish","4":"has-post-thumbnail","6":"product_cat-sauna-randa","7":"product_tag-talv","8":"product_tag-vabaaeg","10":"first","11":"instock","12":"shipping-taxable","13":"purchasable","14":"product-type-variable"},"yoast_head":"<!-- This site is optimized with the Yoast SEO plugin v25.1 - https:\/\/yoast.com\/wordpress\/plugins\/seo\/ -->\n<title>Varrukatega froteepont\u0161o - Nuckostyle - Noarootsi k\u00e4sit\u00f6\u00f6<\/title>\n<meta name=\"description\" content=\"Hoia keha soojas stiilselt. Varrukatega froteepont\u0161o sobib ideaalselt kaasav\u00f5tmiseks randa v\u00f5i m\u00f5nusaks kosutuseks k\u00fclmal talve\u00f5htul.\" \/>\n<meta name=\"robots\" content=\"index, follow, max-snippet:-1, max-image-preview:large, max-video-preview:-1\" \/>\n<link rel=\"canonical\" href=\"https:\/\/nuckostyle.ee\/en\/toode\/froteest-poncho-varrukatega\/\" \/>\n<meta property=\"og:locale\" content=\"en_US\" \/>\n<meta property=\"og:type\" content=\"article\" \/>\n<meta property=\"og:title\" content=\"Varrukatega froteepont\u0161o - Nuckostyle - Noarootsi k\u00e4sit\u00f6\u00f6\" \/>\n<meta property=\"og:description\" content=\"Hoia keha soojas stiilselt. Varrukatega froteepont\u0161o sobib ideaalselt kaasav\u00f5tmiseks randa v\u00f5i m\u00f5nusaks kosutuseks k\u00fclmal talve\u00f5htul.\" \/>\n<meta property=\"og:url\" content=\"https:\/\/nuckostyle.ee\/en\/toode\/froteest-poncho-varrukatega\/\" \/>\n<meta property=\"og:site_name\" content=\"Nuckostyle - Noarootsi k\u00e4sit\u00f6\u00f6\" \/>\n<meta property=\"article:publisher\" content=\"https:\/\/www.facebook.com\/noarootsikasitookoda\" \/>\n<meta property=\"article:modified_time\" content=\"2025-10-19T15:56:52+00:00\" \/>\n<meta property=\"og:image\" content=\"http:\/\/nuckostyle.ee\/wp-content\/uploads\/2023\/09\/Poncho-varrukatega.jpg\" \/>\n\t<meta property=\"og:image:width\" content=\"1024\" \/>\n\t<meta property=\"og:image:height\" content=\"1304\" \/>\n\t<meta property=\"og:image:type\" content=\"image\/jpeg\" \/>\n<meta name=\"twitter:card\" content=\"summary_large_image\" \/>\n<meta name=\"twitter:label1\" content=\"Est. reading time\" \/>\n\t<meta name=\"twitter:data1\" content=\"1 minute\" \/>\n<script type=\"application\/ld+json\" class=\"yoast-schema-graph\">{\"@context\":\"https:\/\/schema.org\",\"@graph\":[{\"@type\":\"WebPage\",\"@id\":\"https:\/\/nuckostyle.ee\/en\/toode\/froteest-poncho-varrukatega\/\",\"url\":\"https:\/\/nuckostyle.ee\/en\/toode\/froteest-poncho-varrukatega\/\",\"name\":\"Varrukatega froteepont\u0161o - Nuckostyle - Noarootsi k\u00e4sit\u00f6\u00f6\",\"isPartOf\":{\"@id\":\"https:\/\/nuckostyle.ee\/en\/#website\"},\"primaryImageOfPage\":{\"@id\":\"https:\/\/nuckostyle.ee\/en\/toode\/froteest-poncho-varrukatega\/#primaryimage\"},\"image\":{\"@id\":\"https:\/\/nuckostyle.ee\/en\/toode\/froteest-poncho-varrukatega\/#primaryimage\"},\"thumbnailUrl\":\"https:\/\/nuckostyle.ee\/wp-content\/uploads\/2023\/09\/Poncho-varrukatega.jpg\",\"datePublished\":\"2023-09-28T14:17:36+00:00\",\"dateModified\":\"2025-10-19T15:56:52+00:00\",\"description\":\"Hoia keha soojas stiilselt. Varrukatega froteepont\u0161o sobib ideaalselt kaasav\u00f5tmiseks randa v\u00f5i m\u00f5nusaks kosutuseks k\u00fclmal talve\u00f5htul.\",\"breadcrumb\":{\"@id\":\"https:\/\/nuckostyle.ee\/en\/toode\/froteest-poncho-varrukatega\/#breadcrumb\"},\"inLanguage\":\"en-US\",\"potentialAction\":[{\"@type\":\"ReadAction\",\"target\":[\"https:\/\/nuckostyle.ee\/en\/toode\/froteest-poncho-varrukatega\/\"]}]},{\"@type\":\"ImageObject\",\"inLanguage\":\"en-US\",\"@id\":\"https:\/\/nuckostyle.ee\/en\/toode\/froteest-poncho-varrukatega\/#primaryimage\",\"url\":\"https:\/\/nuckostyle.ee\/wp-content\/uploads\/2023\/09\/Poncho-varrukatega.jpg\",\"contentUrl\":\"https:\/\/nuckostyle.ee\/wp-content\/uploads\/2023\/09\/Poncho-varrukatega.jpg\",\"width\":1024,\"height\":1304},{\"@type\":\"BreadcrumbList\",\"@id\":\"https:\/\/nuckostyle.ee\/en\/toode\/froteest-poncho-varrukatega\/#breadcrumb\",\"itemListElement\":[{\"@type\":\"ListItem\",\"position\":1,\"name\":\"Home\",\"item\":\"https:\/\/nuckostyle.ee\/en\/\"},{\"@type\":\"ListItem\",\"position\":2,\"name\":\"Nuck\u00f6style pood\",\"item\":\"https:\/\/nuckostyle.ee\/pood\/\"},{\"@type\":\"ListItem\",\"position\":3,\"name\":\"Varrukatega froteepont\u0161o\"}]},{\"@type\":\"WebSite\",\"@id\":\"https:\/\/nuckostyle.ee\/en\/#website\",\"url\":\"https:\/\/nuckostyle.ee\/en\/\",\"name\":\"Nuck\u00f6style - Noarootsi k\u00e4sit\u00f6\u00f6\",\"description\":\"Noarootsi k\u00e4sit\u00f6\u00f6\",\"publisher\":{\"@id\":\"https:\/\/nuckostyle.ee\/en\/#organization\"},\"alternateName\":\"Noarootsi k\u00e4sit\u00f6\u00f6\",\"potentialAction\":[{\"@type\":\"SearchAction\",\"target\":{\"@type\":\"EntryPoint\",\"urlTemplate\":\"https:\/\/nuckostyle.ee\/en\/?s={search_term_string}\"},\"query-input\":{\"@type\":\"PropertyValueSpecification\",\"valueRequired\":true,\"valueName\":\"search_term_string\"}}],\"inLanguage\":\"en-US\"},{\"@type\":\"Organization\",\"@id\":\"https:\/\/nuckostyle.ee\/en\/#organization\",\"name\":\"Nuck\u00f6style - Noarootsi k\u00e4sit\u00f6\u00f6\",\"alternateName\":\"Noarootsi k\u00e4sit\u00f6\u00f6\",\"url\":\"https:\/\/nuckostyle.ee\/en\/\",\"logo\":{\"@type\":\"ImageObject\",\"inLanguage\":\"en-US\",\"@id\":\"https:\/\/nuckostyle.ee\/en\/#\/schema\/logo\/image\/\",\"url\":\"https:\/\/nuckostyle.ee\/wp-content\/uploads\/2023\/09\/Favicon.png\",\"contentUrl\":\"https:\/\/nuckostyle.ee\/wp-content\/uploads\/2023\/09\/Favicon.png\",\"width\":300,\"height\":300,\"caption\":\"Nuck\u00f6style - Noarootsi k\u00e4sit\u00f6\u00f6\"},\"image\":{\"@id\":\"https:\/\/nuckostyle.ee\/en\/#\/schema\/logo\/image\/\"},\"sameAs\":[\"https:\/\/www.facebook.com\/noarootsikasitookoda\",\"https:\/\/www.facebook.com\/tervemnoarootsi\"]}]}<\/script>\n<!-- \/ Yoast SEO plugin. -->","yoast_head_json":{"title":"Varrukatega froteepont\u0161o - Nuckostyle - Noarootsi k\u00e4sit\u00f6\u00f6","description":"Hoia keha soojas stiilselt. Varrukatega froteepont\u0161o sobib ideaalselt kaasav\u00f5tmiseks randa v\u00f5i m\u00f5nusaks kosutuseks k\u00fclmal talve\u00f5htul.","robots":{"index":"index","follow":"follow","max-snippet":"max-snippet:-1","max-image-preview":"max-image-preview:large","max-video-preview":"max-video-preview:-1"},"canonical":"https:\/\/nuckostyle.ee\/en\/toode\/froteest-poncho-varrukatega\/","og_locale":"en_US","og_type":"article","og_title":"Varrukatega froteepont\u0161o - Nuckostyle - Noarootsi k\u00e4sit\u00f6\u00f6","og_description":"Hoia keha soojas stiilselt. Varrukatega froteepont\u0161o sobib ideaalselt kaasav\u00f5tmiseks randa v\u00f5i m\u00f5nusaks kosutuseks k\u00fclmal talve\u00f5htul.","og_url":"https:\/\/nuckostyle.ee\/en\/toode\/froteest-poncho-varrukatega\/","og_site_name":"Nuckostyle - Noarootsi k\u00e4sit\u00f6\u00f6","article_publisher":"https:\/\/www.facebook.com\/noarootsikasitookoda","article_modified_time":"2025-10-19T15:56:52+00:00","og_image":[{"width":1024,"height":1304,"url":"http:\/\/nuckostyle.ee\/wp-content\/uploads\/2023\/09\/Poncho-varrukatega.jpg","type":"image\/jpeg"}],"twitter_card":"summary_large_image","twitter_misc":{"Est. reading time":"1 minute"},"schema":{"@context":"https:\/\/schema.org","@graph":[{"@type":"WebPage","@id":"https:\/\/nuckostyle.ee\/en\/toode\/froteest-poncho-varrukatega\/","url":"https:\/\/nuckostyle.ee\/en\/toode\/froteest-poncho-varrukatega\/","name":"Varrukatega froteepont\u0161o - Nuckostyle - Noarootsi k\u00e4sit\u00f6\u00f6","isPartOf":{"@id":"https:\/\/nuckostyle.ee\/en\/#website"},"primaryImageOfPage":{"@id":"https:\/\/nuckostyle.ee\/en\/toode\/froteest-poncho-varrukatega\/#primaryimage"},"image":{"@id":"https:\/\/nuckostyle.ee\/en\/toode\/froteest-poncho-varrukatega\/#primaryimage"},"thumbnailUrl":"https:\/\/nuckostyle.ee\/wp-content\/uploads\/2023\/09\/Poncho-varrukatega.jpg","datePublished":"2023-09-28T14:17:36+00:00","dateModified":"2025-10-19T15:56:52+00:00","description":"Hoia keha soojas stiilselt. Varrukatega froteepont\u0161o sobib ideaalselt kaasav\u00f5tmiseks randa v\u00f5i m\u00f5nusaks kosutuseks k\u00fclmal talve\u00f5htul.","breadcrumb":{"@id":"https:\/\/nuckostyle.ee\/en\/toode\/froteest-poncho-varrukatega\/#breadcrumb"},"inLanguage":"en-US","potentialAction":[{"@type":"ReadAction","target":["https:\/\/nuckostyle.ee\/en\/toode\/froteest-poncho-varrukatega\/"]}]},{"@type":"ImageObject","inLanguage":"en-US","@id":"https:\/\/nuckostyle.ee\/en\/toode\/froteest-poncho-varrukatega\/#primaryimage","url":"https:\/\/nuckostyle.ee\/wp-content\/uploads\/2023\/09\/Poncho-varrukatega.jpg","contentUrl":"https:\/\/nuckostyle.ee\/wp-content\/uploads\/2023\/09\/Poncho-varrukatega.jpg","width":1024,"height":1304},{"@type":"BreadcrumbList","@id":"https:\/\/nuckostyle.ee\/en\/toode\/froteest-poncho-varrukatega\/#breadcrumb","itemListElement":[{"@type":"ListItem","position":1,"name":"Home","item":"https:\/\/nuckostyle.ee\/en\/"},{"@type":"ListItem","position":2,"name":"Nuck\u00f6style pood","item":"https:\/\/nuckostyle.ee\/pood\/"},{"@type":"ListItem","position":3,"name":"Varrukatega froteepont\u0161o"}]},{"@type":"WebSite","@id":"https:\/\/nuckostyle.ee\/en\/#website","url":"https:\/\/nuckostyle.ee\/en\/","name":"Nuck\u00f6style - Noarootsi k\u00e4sit\u00f6\u00f6","description":"Noarootsi k\u00e4sit\u00f6\u00f6","publisher":{"@id":"https:\/\/nuckostyle.ee\/en\/#organization"},"alternateName":"Noarootsi k\u00e4sit\u00f6\u00f6","potentialAction":[{"@type":"SearchAction","target":{"@type":"EntryPoint","urlTemplate":"https:\/\/nuckostyle.ee\/en\/?s={search_term_string}"},"query-input":{"@type":"PropertyValueSpecification","valueRequired":true,"valueName":"search_term_string"}}],"inLanguage":"en-US"},{"@type":"Organization","@id":"https:\/\/nuckostyle.ee\/en\/#organization","name":"Nuck\u00f6style - Noarootsi k\u00e4sit\u00f6\u00f6","alternateName":"Noarootsi k\u00e4sit\u00f6\u00f6","url":"https:\/\/nuckostyle.ee\/en\/","logo":{"@type":"ImageObject","inLanguage":"en-US","@id":"https:\/\/nuckostyle.ee\/en\/#\/schema\/logo\/image\/","url":"https:\/\/nuckostyle.ee\/wp-content\/uploads\/2023\/09\/Favicon.png","contentUrl":"https:\/\/nuckostyle.ee\/wp-content\/uploads\/2023\/09\/Favicon.png","width":300,"height":300,"caption":"Nuck\u00f6style - Noarootsi k\u00e4sit\u00f6\u00f6"},"image":{"@id":"https:\/\/nuckostyle.ee\/en\/#\/schema\/logo\/image\/"},"sameAs":["https:\/\/www.facebook.com\/noarootsikasitookoda","https:\/\/www.facebook.com\/tervemnoarootsi"]}]}},"_links":{"self":[{"href":"https:\/\/nuckostyle.ee\/en\/wp-json\/wp\/v2\/product\/1784","targetHints":{"allow":["GET"]}}],"collection":[{"href":"https:\/\/nuckostyle.ee\/en\/wp-json\/wp\/v2\/product"}],"about":[{"href":"https:\/\/nuckostyle.ee\/en\/wp-json\/wp\/v2\/types\/product"}],"replies":[{"embeddable":true,"href":"https:\/\/nuckostyle.ee\/en\/wp-json\/wp\/v2\/comments?post=1784"}],"wp:featuredmedia":[{"embeddable":true,"href":"https:\/\/nuckostyle.ee\/en\/wp-json\/wp\/v2\/media\/1985"}],"wp:attachment":[{"href":"https:\/\/nuckostyle.ee\/en\/wp-json\/wp\/v2\/media?parent=1784"}],"wp:term":[{"taxonomy":"product_brand","embeddable":true,"href":"https:\/\/nuckostyle.ee\/en\/wp-json\/wp\/v2\/product_brand?post=1784"},{"taxonomy":"product_cat","embeddable":true,"href":"https:\/\/nuckostyle.ee\/en\/wp-json\/wp\/v2\/product_cat?post=1784"},{"taxonomy":"product_tag","embeddable":true,"href":"https:\/\/nuckostyle.ee\/en\/wp-json\/wp\/v2\/product_tag?post=1784"}],"curies":[{"name":"wp","href":"https:\/\/api.w.org\/{rel}","templated":true}]}}