{"id":646,"date":"2023-09-18T16:16:24","date_gmt":"2023-09-18T13:16:24","guid":{"rendered":"https:\/\/nuckostyle.ee\/?post_type=product&#038;p=646"},"modified":"2023-10-02T16:23:22","modified_gmt":"2023-10-02T13:23:22","slug":"pusa-noarootsi-kapuutsiga","status":"publish","type":"product","link":"https:\/\/nuckostyle.ee\/en\/toode\/pusa-noarootsi-kapuutsiga\/","title":{"rendered":"Kapuutsiga pusa \u201eNoarootsi\u201c"},"content":{"rendered":"<p>Peal Noarootsi sulelogo.<br \/>\nValikus kaks v\u00e4rvitooni.<\/p>\n","protected":false},"excerpt":{"rendered":"<p>Toode sobib k\u00f5igile.<br \/>\nValikus kaks v\u00e4rvitooni.<\/p>\n<p><strong>Suuremahulistele tellimustele erihind. Saada kiri <a href=\"mailto:tervemnoarootsi@gmail.com\">tervemnoarootsi@gmail.com<\/a>.<\/strong><\/p>\n","protected":false},"featured_media":1430,"comment_status":"closed","ping_status":"closed","template":"","meta":[],"product_brand":[],"product_cat":[116,55],"product_tag":[51],"class_list":{"0":"post-646","1":"product","2":"type-product","3":"status-publish","4":"has-post-thumbnail","6":"product_cat-noarootsi","7":"product_cat-pusad","8":"product_tag-noarootsi","10":"first","11":"instock","12":"shipping-taxable","13":"purchasable","14":"product-type-variable"},"yoast_head":"<!-- This site is optimized with the Yoast SEO plugin v25.1 - https:\/\/yoast.com\/wordpress\/plugins\/seo\/ -->\n<title>Kapuutsiga pusa \u201eNoarootsi\u201c - Nuckostyle - Noarootsi k\u00e4sit\u00f6\u00f6<\/title>\n<meta name=\"description\" content=\"Pusa &quot;Noarootsi&quot; kapuutsiga. Unisex.\" \/>\n<meta name=\"robots\" content=\"index, follow, max-snippet:-1, max-image-preview:large, max-video-preview:-1\" \/>\n<link rel=\"canonical\" href=\"https:\/\/nuckostyle.ee\/en\/toode\/pusa-noarootsi-kapuutsiga\/\" \/>\n<meta property=\"og:locale\" content=\"en_US\" \/>\n<meta property=\"og:type\" content=\"article\" \/>\n<meta property=\"og:title\" content=\"Kapuutsiga pusa \u201eNoarootsi\u201c - Nuckostyle - Noarootsi k\u00e4sit\u00f6\u00f6\" \/>\n<meta property=\"og:description\" content=\"Pusa &quot;Noarootsi&quot; kapuutsiga. Unisex.\" \/>\n<meta property=\"og:url\" content=\"https:\/\/nuckostyle.ee\/en\/toode\/pusa-noarootsi-kapuutsiga\/\" \/>\n<meta property=\"og:site_name\" content=\"Nuckostyle - Noarootsi k\u00e4sit\u00f6\u00f6\" \/>\n<meta property=\"article:publisher\" content=\"https:\/\/www.facebook.com\/noarootsikasitookoda\" \/>\n<meta property=\"article:modified_time\" content=\"2023-10-02T13:23:22+00:00\" \/>\n<meta property=\"og:image\" content=\"https:\/\/nuckostyle.ee\/wp-content\/uploads\/2023\/09\/Pusa-Noarootsi-kapuutsiga.jpeg\" \/>\n\t<meta property=\"og:image:width\" content=\"1024\" \/>\n\t<meta property=\"og:image:height\" content=\"1304\" \/>\n\t<meta property=\"og:image:type\" content=\"image\/jpeg\" \/>\n<meta name=\"twitter:card\" content=\"summary_large_image\" \/>\n<meta name=\"twitter:label1\" content=\"Est. reading time\" \/>\n\t<meta name=\"twitter:data1\" content=\"1 minute\" \/>\n<script type=\"application\/ld+json\" class=\"yoast-schema-graph\">{\"@context\":\"https:\/\/schema.org\",\"@graph\":[{\"@type\":\"WebPage\",\"@id\":\"https:\/\/nuckostyle.ee\/en\/toode\/pusa-noarootsi-kapuutsiga\/\",\"url\":\"https:\/\/nuckostyle.ee\/en\/toode\/pusa-noarootsi-kapuutsiga\/\",\"name\":\"Kapuutsiga pusa \u201eNoarootsi\u201c - Nuckostyle - Noarootsi k\u00e4sit\u00f6\u00f6\",\"isPartOf\":{\"@id\":\"https:\/\/nuckostyle.ee\/en\/#website\"},\"primaryImageOfPage\":{\"@id\":\"https:\/\/nuckostyle.ee\/en\/toode\/pusa-noarootsi-kapuutsiga\/#primaryimage\"},\"image\":{\"@id\":\"https:\/\/nuckostyle.ee\/en\/toode\/pusa-noarootsi-kapuutsiga\/#primaryimage\"},\"thumbnailUrl\":\"https:\/\/nuckostyle.ee\/wp-content\/uploads\/2023\/09\/Pusa-Noarootsi-kapuutsiga.jpeg\",\"datePublished\":\"2023-09-18T13:16:24+00:00\",\"dateModified\":\"2023-10-02T13:23:22+00:00\",\"description\":\"Pusa \\\"Noarootsi\\\" kapuutsiga. Unisex.\",\"breadcrumb\":{\"@id\":\"https:\/\/nuckostyle.ee\/en\/toode\/pusa-noarootsi-kapuutsiga\/#breadcrumb\"},\"inLanguage\":\"en-US\",\"potentialAction\":[{\"@type\":\"ReadAction\",\"target\":[\"https:\/\/nuckostyle.ee\/en\/toode\/pusa-noarootsi-kapuutsiga\/\"]}]},{\"@type\":\"ImageObject\",\"inLanguage\":\"en-US\",\"@id\":\"https:\/\/nuckostyle.ee\/en\/toode\/pusa-noarootsi-kapuutsiga\/#primaryimage\",\"url\":\"https:\/\/nuckostyle.ee\/wp-content\/uploads\/2023\/09\/Pusa-Noarootsi-kapuutsiga.jpeg\",\"contentUrl\":\"https:\/\/nuckostyle.ee\/wp-content\/uploads\/2023\/09\/Pusa-Noarootsi-kapuutsiga.jpeg\",\"width\":1024,\"height\":1304,\"caption\":\"Pusa Noarootsi kapuutsiga\"},{\"@type\":\"BreadcrumbList\",\"@id\":\"https:\/\/nuckostyle.ee\/en\/toode\/pusa-noarootsi-kapuutsiga\/#breadcrumb\",\"itemListElement\":[{\"@type\":\"ListItem\",\"position\":1,\"name\":\"Home\",\"item\":\"https:\/\/nuckostyle.ee\/en\/\"},{\"@type\":\"ListItem\",\"position\":2,\"name\":\"Nuck\u00f6style pood\",\"item\":\"https:\/\/nuckostyle.ee\/pood\/\"},{\"@type\":\"ListItem\",\"position\":3,\"name\":\"Kapuutsiga pusa \u201eNoarootsi\u201c\"}]},{\"@type\":\"WebSite\",\"@id\":\"https:\/\/nuckostyle.ee\/en\/#website\",\"url\":\"https:\/\/nuckostyle.ee\/en\/\",\"name\":\"Nuck\u00f6style - Noarootsi k\u00e4sit\u00f6\u00f6\",\"description\":\"Noarootsi k\u00e4sit\u00f6\u00f6\",\"publisher\":{\"@id\":\"https:\/\/nuckostyle.ee\/en\/#organization\"},\"alternateName\":\"Noarootsi k\u00e4sit\u00f6\u00f6\",\"potentialAction\":[{\"@type\":\"SearchAction\",\"target\":{\"@type\":\"EntryPoint\",\"urlTemplate\":\"https:\/\/nuckostyle.ee\/en\/?s={search_term_string}\"},\"query-input\":{\"@type\":\"PropertyValueSpecification\",\"valueRequired\":true,\"valueName\":\"search_term_string\"}}],\"inLanguage\":\"en-US\"},{\"@type\":\"Organization\",\"@id\":\"https:\/\/nuckostyle.ee\/en\/#organization\",\"name\":\"Nuck\u00f6style - Noarootsi k\u00e4sit\u00f6\u00f6\",\"alternateName\":\"Noarootsi k\u00e4sit\u00f6\u00f6\",\"url\":\"https:\/\/nuckostyle.ee\/en\/\",\"logo\":{\"@type\":\"ImageObject\",\"inLanguage\":\"en-US\",\"@id\":\"https:\/\/nuckostyle.ee\/en\/#\/schema\/logo\/image\/\",\"url\":\"https:\/\/nuckostyle.ee\/wp-content\/uploads\/2023\/09\/Favicon.png\",\"contentUrl\":\"https:\/\/nuckostyle.ee\/wp-content\/uploads\/2023\/09\/Favicon.png\",\"width\":300,\"height\":300,\"caption\":\"Nuck\u00f6style - Noarootsi k\u00e4sit\u00f6\u00f6\"},\"image\":{\"@id\":\"https:\/\/nuckostyle.ee\/en\/#\/schema\/logo\/image\/\"},\"sameAs\":[\"https:\/\/www.facebook.com\/noarootsikasitookoda\",\"https:\/\/www.facebook.com\/tervemnoarootsi\"]}]}<\/script>\n<!-- \/ Yoast SEO plugin. -->","yoast_head_json":{"title":"Kapuutsiga pusa \u201eNoarootsi\u201c - Nuckostyle - Noarootsi k\u00e4sit\u00f6\u00f6","description":"Pusa \"Noarootsi\" kapuutsiga. Unisex.","robots":{"index":"index","follow":"follow","max-snippet":"max-snippet:-1","max-image-preview":"max-image-preview:large","max-video-preview":"max-video-preview:-1"},"canonical":"https:\/\/nuckostyle.ee\/en\/toode\/pusa-noarootsi-kapuutsiga\/","og_locale":"en_US","og_type":"article","og_title":"Kapuutsiga pusa \u201eNoarootsi\u201c - Nuckostyle - Noarootsi k\u00e4sit\u00f6\u00f6","og_description":"Pusa \"Noarootsi\" kapuutsiga. Unisex.","og_url":"https:\/\/nuckostyle.ee\/en\/toode\/pusa-noarootsi-kapuutsiga\/","og_site_name":"Nuckostyle - Noarootsi k\u00e4sit\u00f6\u00f6","article_publisher":"https:\/\/www.facebook.com\/noarootsikasitookoda","article_modified_time":"2023-10-02T13:23:22+00:00","og_image":[{"width":1024,"height":1304,"url":"https:\/\/nuckostyle.ee\/wp-content\/uploads\/2023\/09\/Pusa-Noarootsi-kapuutsiga.jpeg","type":"image\/jpeg"}],"twitter_card":"summary_large_image","twitter_misc":{"Est. reading time":"1 minute"},"schema":{"@context":"https:\/\/schema.org","@graph":[{"@type":"WebPage","@id":"https:\/\/nuckostyle.ee\/en\/toode\/pusa-noarootsi-kapuutsiga\/","url":"https:\/\/nuckostyle.ee\/en\/toode\/pusa-noarootsi-kapuutsiga\/","name":"Kapuutsiga pusa \u201eNoarootsi\u201c - Nuckostyle - Noarootsi k\u00e4sit\u00f6\u00f6","isPartOf":{"@id":"https:\/\/nuckostyle.ee\/en\/#website"},"primaryImageOfPage":{"@id":"https:\/\/nuckostyle.ee\/en\/toode\/pusa-noarootsi-kapuutsiga\/#primaryimage"},"image":{"@id":"https:\/\/nuckostyle.ee\/en\/toode\/pusa-noarootsi-kapuutsiga\/#primaryimage"},"thumbnailUrl":"https:\/\/nuckostyle.ee\/wp-content\/uploads\/2023\/09\/Pusa-Noarootsi-kapuutsiga.jpeg","datePublished":"2023-09-18T13:16:24+00:00","dateModified":"2023-10-02T13:23:22+00:00","description":"Pusa \"Noarootsi\" kapuutsiga. Unisex.","breadcrumb":{"@id":"https:\/\/nuckostyle.ee\/en\/toode\/pusa-noarootsi-kapuutsiga\/#breadcrumb"},"inLanguage":"en-US","potentialAction":[{"@type":"ReadAction","target":["https:\/\/nuckostyle.ee\/en\/toode\/pusa-noarootsi-kapuutsiga\/"]}]},{"@type":"ImageObject","inLanguage":"en-US","@id":"https:\/\/nuckostyle.ee\/en\/toode\/pusa-noarootsi-kapuutsiga\/#primaryimage","url":"https:\/\/nuckostyle.ee\/wp-content\/uploads\/2023\/09\/Pusa-Noarootsi-kapuutsiga.jpeg","contentUrl":"https:\/\/nuckostyle.ee\/wp-content\/uploads\/2023\/09\/Pusa-Noarootsi-kapuutsiga.jpeg","width":1024,"height":1304,"caption":"Pusa Noarootsi kapuutsiga"},{"@type":"BreadcrumbList","@id":"https:\/\/nuckostyle.ee\/en\/toode\/pusa-noarootsi-kapuutsiga\/#breadcrumb","itemListElement":[{"@type":"ListItem","position":1,"name":"Home","item":"https:\/\/nuckostyle.ee\/en\/"},{"@type":"ListItem","position":2,"name":"Nuck\u00f6style pood","item":"https:\/\/nuckostyle.ee\/pood\/"},{"@type":"ListItem","position":3,"name":"Kapuutsiga pusa \u201eNoarootsi\u201c"}]},{"@type":"WebSite","@id":"https:\/\/nuckostyle.ee\/en\/#website","url":"https:\/\/nuckostyle.ee\/en\/","name":"Nuck\u00f6style - Noarootsi k\u00e4sit\u00f6\u00f6","description":"Noarootsi k\u00e4sit\u00f6\u00f6","publisher":{"@id":"https:\/\/nuckostyle.ee\/en\/#organization"},"alternateName":"Noarootsi k\u00e4sit\u00f6\u00f6","potentialAction":[{"@type":"SearchAction","target":{"@type":"EntryPoint","urlTemplate":"https:\/\/nuckostyle.ee\/en\/?s={search_term_string}"},"query-input":{"@type":"PropertyValueSpecification","valueRequired":true,"valueName":"search_term_string"}}],"inLanguage":"en-US"},{"@type":"Organization","@id":"https:\/\/nuckostyle.ee\/en\/#organization","name":"Nuck\u00f6style - Noarootsi k\u00e4sit\u00f6\u00f6","alternateName":"Noarootsi k\u00e4sit\u00f6\u00f6","url":"https:\/\/nuckostyle.ee\/en\/","logo":{"@type":"ImageObject","inLanguage":"en-US","@id":"https:\/\/nuckostyle.ee\/en\/#\/schema\/logo\/image\/","url":"https:\/\/nuckostyle.ee\/wp-content\/uploads\/2023\/09\/Favicon.png","contentUrl":"https:\/\/nuckostyle.ee\/wp-content\/uploads\/2023\/09\/Favicon.png","width":300,"height":300,"caption":"Nuck\u00f6style - Noarootsi k\u00e4sit\u00f6\u00f6"},"image":{"@id":"https:\/\/nuckostyle.ee\/en\/#\/schema\/logo\/image\/"},"sameAs":["https:\/\/www.facebook.com\/noarootsikasitookoda","https:\/\/www.facebook.com\/tervemnoarootsi"]}]}},"_links":{"self":[{"href":"https:\/\/nuckostyle.ee\/en\/wp-json\/wp\/v2\/product\/646","targetHints":{"allow":["GET"]}}],"collection":[{"href":"https:\/\/nuckostyle.ee\/en\/wp-json\/wp\/v2\/product"}],"about":[{"href":"https:\/\/nuckostyle.ee\/en\/wp-json\/wp\/v2\/types\/product"}],"replies":[{"embeddable":true,"href":"https:\/\/nuckostyle.ee\/en\/wp-json\/wp\/v2\/comments?post=646"}],"wp:featuredmedia":[{"embeddable":true,"href":"https:\/\/nuckostyle.ee\/en\/wp-json\/wp\/v2\/media\/1430"}],"wp:attachment":[{"href":"https:\/\/nuckostyle.ee\/en\/wp-json\/wp\/v2\/media?parent=646"}],"wp:term":[{"taxonomy":"product_brand","embeddable":true,"href":"https:\/\/nuckostyle.ee\/en\/wp-json\/wp\/v2\/product_brand?post=646"},{"taxonomy":"product_cat","embeddable":true,"href":"https:\/\/nuckostyle.ee\/en\/wp-json\/wp\/v2\/product_cat?post=646"},{"taxonomy":"product_tag","embeddable":true,"href":"https:\/\/nuckostyle.ee\/en\/wp-json\/wp\/v2\/product_tag?post=646"}],"curies":[{"name":"wp","href":"https:\/\/api.w.org\/{rel}","templated":true}]}}